{"id":13824,"date":"2024-05-15T10:52:05","date_gmt":"2024-05-15T10:52:05","guid":{"rendered":"https:\/\/choisirlecologie.fr\/?page_id=13824"},"modified":"2024-05-15T10:52:05","modified_gmt":"2024-05-15T10:52:05","slug":"lettre-dinformation","status":"publish","type":"page","link":"https:\/\/choisirlecologie.fr\/bienvenue\/lettre-dinformation","title":{"rendered":"Lettre d&rsquo;information"},"content":{"rendered":"<p>[et_pb_section fb_built=\u00a0\u00bb1&Prime; admin_label=\u00a0\u00bbNewsletter Section\u00a0\u00bb _builder_version=\u00a0\u00bb3.22&Prime; background_color=\u00a0\u00bb#f7f7f7&Prime; background_image=\u00a0\u00bbhttp:\/\/choisirlecologie.fr\/wp-content\/uploads\/2021\/02\/background-texture.png\u00a0\u00bb parallax=\u00a0\u00bbon\u00a0\u00bb custom_padding=\u00a0\u00bb54px||140px|\u00a0\u00bb global_module=\u00a0\u00bb72&Prime; saved_tabs=\u00a0\u00bball\u00a0\u00bb][et_pb_row admin_label=\u00a0\u00bbNewsletter Area\u00a0\u00bb _builder_version=\u00a0\u00bb3.25&Prime; locked=\u00a0\u00bboff\u00a0\u00bb][et_pb_column type=\u00a0\u00bb4_4&Prime; _builder_version=\u00a0\u00bb3.25&Prime; custom_padding=\u00a0\u00bb|||\u00a0\u00bb custom_padding__hover=\u00a0\u00bb|||\u00a0\u00bb][et_pb_signup provider=\u00a0\u00bbsendinblue\u00a0\u00bb sendinblue_list=\u00a0\u00bbmontpellier@eelvfr|65&Prime; name_field=\u00a0\u00bbon\u00a0\u00bb success_message=\u00a0\u00bbMerci pour votre inscription !\u00a0\u00bb title=\u00a0\u00bbInscrivez vous \u00e0 notre lettre d&rsquo;information !\u00a0\u00bb button_text=\u00a0\u00bbJe m&rsquo;inscris !\u00a0\u00bb description=\u00a0\u00bb<\/p>\n<p>Tenez-vous inform\u00e9-e des derni\u00e8res actualit\u00e9s des \u00e9lu-es du groupe %22Choisir l&rsquo;\u00e9cologie pour Montpellier%22<\/p>\n<p>\u00a0\u00bb admin_label=\u00a0\u00bbEmail Option\u00a0\u00bb _builder_version=\u00a0\u00bb4.9.0&Prime; header_font=\u00a0\u00bbLato||||||||\u00a0\u00bb header_font_size=\u00a0\u00bb36px\u00a0\u00bb header_line_height=\u00a0\u00bb1.5em\u00a0\u00bb body_font=\u00a0\u00bb||||||||\u00a0\u00bb body_font_size=\u00a0\u00bb16px\u00a0\u00bb body_line_height=\u00a0\u00bb1.8em\u00a0\u00bb result_message_font=\u00a0\u00bb||||||||\u00a0\u00bb background_color=\u00a0\u00bb#7ab41d\u00a0\u00bb custom_button=\u00a0\u00bbon\u00a0\u00bb button_text_size=\u00a0\u00bb26px\u00a0\u00bb button_text_color=\u00a0\u00bb#FFFFFF\u00a0\u00bb button_bg_color=\u00a0\u00bb#7ab41d\u00a0\u00bb button_border_width=\u00a0\u00bb2px\u00a0\u00bb button_border_color=\u00a0\u00bb#FFFFFF\u00a0\u00bb button_border_radius=\u00a0\u00bb0px\u00a0\u00bb button_letter_spacing=\u00a0\u00bb1px\u00a0\u00bb button_font=\u00a0\u00bbLato|700|||||||\u00a0\u00bb background_layout=\u00a0\u00bblight\u00a0\u00bb box_shadow_style=\u00a0\u00bbpreset2&Prime; box_shadow_blur=\u00a0\u00bb31px\u00a0\u00bb button_letter_spacing_hover=\u00a0\u00bb0&Prime; button_text_size__hover_enabled=\u00a0\u00bboff\u00a0\u00bb button_one_text_size__hover_enabled=\u00a0\u00bboff\u00a0\u00bb button_two_text_size__hover_enabled=\u00a0\u00bboff\u00a0\u00bb button_text_color__hover_enabled=\u00a0\u00bboff\u00a0\u00bb button_one_text_color__hover_enabled=\u00a0\u00bboff\u00a0\u00bb button_two_text_color__hover_enabled=\u00a0\u00bboff\u00a0\u00bb button_border_width__hover_enabled=\u00a0\u00bboff\u00a0\u00bb button_one_border_width__hover_enabled=\u00a0\u00bboff\u00a0\u00bb button_two_border_width__hover_enabled=\u00a0\u00bboff\u00a0\u00bb button_border_color__hover_enabled=\u00a0\u00bboff\u00a0\u00bb button_one_border_color__hover_enabled=\u00a0\u00bboff\u00a0\u00bb button_two_border_color__hover_enabled=\u00a0\u00bboff\u00a0\u00bb button_border_radius__hover_enabled=\u00a0\u00bboff\u00a0\u00bb button_one_border_radius__hover_enabled=\u00a0\u00bboff\u00a0\u00bb button_two_border_radius__hover_enabled=\u00a0\u00bboff\u00a0\u00bb button_letter_spacing__hover_enabled=\u00a0\u00bbon\u00a0\u00bb button_letter_spacing__hover=\u00a0\u00bb0&Prime; button_one_letter_spacing__hover_enabled=\u00a0\u00bboff\u00a0\u00bb button_two_letter_spacing__hover_enabled=\u00a0\u00bboff\u00a0\u00bb button_bg_color__hover_enabled=\u00a0\u00bboff\u00a0\u00bb button_one_bg_color__hover_enabled=\u00a0\u00bboff\u00a0\u00bb button_two_bg_color__hover_enabled=\u00a0\u00bboff\u00a0\u00bb][\/et_pb_signup][\/et_pb_column][\/et_pb_row][\/et_pb_section]<\/p>\n\n\n\n<div class=\"wp-block-query is-layout-flow wp-block-query-is-layout-flow\"><ul class=\"wp-block-post-template is-layout-flow wp-block-post-template-is-layout-flow\"><li class=\"wp-block-post post-12664 post type-post status-publish format-standard has-post-thumbnail hentry category-actualites category-bruno-paternot category-catherine-ribot category-celia-serrano category-coralie-mantion category-eddine-ariztegui category-fatma-nakib category-francois-vasquez category-manu-reynaud category-marie-massart category-mustapha-laoukiri category-radia-tikouk category-stephane-jouault\">\n<h2 class=\"wp-block-post-title\"><a href=\"https:\/\/choisirlecologie.fr\/bienvenue\/bilan-des-30ers-mois-daction\" target=\"_self\" >Bilan des 30ers mois d&rsquo;actions et nos projets \u00e0 venir<\/a><\/h2>\n\n<figure class=\"alignwide wp-block-post-featured-image\"><a href=\"https:\/\/choisirlecologie.fr\/bienvenue\/bilan-des-30ers-mois-daction\" target=\"_self\"  ><img loading=\"lazy\" decoding=\"async\" width=\"1043\" height=\"1525\" src=\"https:\/\/choisirlecologie.fr\/bienvenue\/wp-content\/uploads\/2022\/10\/image-10.png\" class=\"attachment-post-thumbnail size-post-thumbnail wp-post-image\" alt=\"Bilan des 30ers mois d&rsquo;actions et nos projets \u00e0 venir\" style=\"object-fit:cover;\" srcset=\"https:\/\/choisirlecologie.fr\/bienvenue\/wp-content\/uploads\/2022\/10\/image-10.png 1043w, https:\/\/choisirlecologie.fr\/bienvenue\/wp-content\/uploads\/2022\/10\/image-10-980x1433.png 980w, https:\/\/choisirlecologie.fr\/bienvenue\/wp-content\/uploads\/2022\/10\/image-10-480x702.png 480w\" sizes=\"auto, (min-width: 0px) and (max-width: 480px) 480px, (min-width: 481px) and (max-width: 980px) 980px, (min-width: 981px) 1043px, 100vw\" \/><\/a><\/figure>\n\n<div class=\"wp-block-post-excerpt\"><p class=\"wp-block-post-excerpt__excerpt\">Retrouvez notre bilan apr\u00e8s 30 mois d&rsquo;actions \u00e0 la ville et \u00e0 la m\u00e9tropole <\/p><\/div>\n\n\n<hr class=\"wp-block-separator has-css-opacity\"\/>\n\n\n<div class=\"wp-block-post-date\"><time datetime=\"2022-11-07T13:07:37+00:00\">07\/11\/2022<\/time><\/div>\n<\/li><li class=\"wp-block-post post-13815 post type-post status-publish format-standard has-post-thumbnail hentry category-actualites category-biodiversite category-climat category-medias category-les-ecologistes category-nature-en-ville category-stephane-jouault tag-stephane-jouault\">\n<h2 class=\"wp-block-post-title\"><a href=\"https:\/\/choisirlecologie.fr\/bienvenue\/montpellier-stephane-jouault-defend-le-bilan-du-comite-arbre-voici-pourquoi-metropolitain\" target=\"_self\" >Montpellier\u00a0: St\u00e9phane Jouault d\u00e9fend le bilan du Comit\u00e9 Arbre, voici pourquoi. M\u00e9tropolitain<\/a><\/h2>\n\n<figure class=\"alignwide wp-block-post-featured-image\"><a href=\"https:\/\/choisirlecologie.fr\/bienvenue\/montpellier-stephane-jouault-defend-le-bilan-du-comite-arbre-voici-pourquoi-metropolitain\" target=\"_self\"  ><img loading=\"lazy\" decoding=\"async\" width=\"1470\" height=\"978\" src=\"https:\/\/choisirlecologie.fr\/bienvenue\/wp-content\/uploads\/2024\/05\/Capture-decran-2024-05-15-a-12.22.52-1.png\" class=\"attachment-post-thumbnail size-post-thumbnail wp-post-image\" alt=\"Montpellier\u00a0: St\u00e9phane Jouault d\u00e9fend le bilan du Comit\u00e9 Arbre, voici pourquoi. M\u00e9tropolitain\" style=\"object-fit:cover;\" srcset=\"https:\/\/choisirlecologie.fr\/bienvenue\/wp-content\/uploads\/2024\/05\/Capture-decran-2024-05-15-a-12.22.52-1.png 1470w, https:\/\/choisirlecologie.fr\/bienvenue\/wp-content\/uploads\/2024\/05\/Capture-decran-2024-05-15-a-12.22.52-1-1280x852.png 1280w, https:\/\/choisirlecologie.fr\/bienvenue\/wp-content\/uploads\/2024\/05\/Capture-decran-2024-05-15-a-12.22.52-1-980x652.png 980w, https:\/\/choisirlecologie.fr\/bienvenue\/wp-content\/uploads\/2024\/05\/Capture-decran-2024-05-15-a-12.22.52-1-480x319.png 480w\" sizes=\"auto, (min-width: 0px) and (max-width: 480px) 480px, (min-width: 481px) and (max-width: 980px) 980px, (min-width: 981px) and (max-width: 1280px) 1280px, (min-width: 1281px) 1470px, 100vw\" \/><\/a><\/figure>\n\n<div class=\"wp-block-post-excerpt\"><p class=\"wp-block-post-excerpt__excerpt\">Montpellier\u00a0: St\u00e9phane Jouault d\u00e9fend le bilan du Comit\u00e9 Arbre, voici pourquoi. M\u00e9tropolitain <\/p><\/div>\n\n\n<hr class=\"wp-block-separator has-css-opacity\"\/>\n\n\n<div class=\"wp-block-post-date\"><time datetime=\"2024-05-15T10:37:02+00:00\">15\/05\/2024<\/time><\/div>\n<\/li><li class=\"wp-block-post post-13811 post type-post status-publish format-standard has-post-thumbnail hentry category-actualites category-bruno-paternot category-medias category-plan-lumiere category-pollution-lumineuse\">\n<h2 class=\"wp-block-post-title\"><a href=\"https:\/\/choisirlecologie.fr\/bienvenue\/interview-de-bruno-paternot-congres-international-sur-leclairage-urbain-france-bleu-herault-25042024\" target=\"_self\" >Interview de Bruno Paternot : Congr\u00e8s international sur l\u2019\u00c9clairage urbain (France Bleu H\u00e9rault &#8211; 25042024)<\/a><\/h2>\n\n<figure class=\"alignwide wp-block-post-featured-image\"><a href=\"https:\/\/choisirlecologie.fr\/bienvenue\/interview-de-bruno-paternot-congres-international-sur-leclairage-urbain-france-bleu-herault-25042024\" target=\"_self\"  ><img loading=\"lazy\" decoding=\"async\" width=\"618\" height=\"376\" src=\"https:\/\/choisirlecologie.fr\/bienvenue\/wp-content\/uploads\/2024\/04\/Screenshot-2024-04-25-at-11-23-06-VIDEO-Montpellier-capitale-mondiale-de-la-lumiere-pour-quelques-jours-France-Bleu.png\" class=\"attachment-post-thumbnail size-post-thumbnail wp-post-image\" alt=\"Interview de Bruno Paternot : Congr\u00e8s international sur l\u2019\u00c9clairage urbain (France Bleu H\u00e9rault &#8211; 25042024)\" style=\"object-fit:cover;\" srcset=\"https:\/\/choisirlecologie.fr\/bienvenue\/wp-content\/uploads\/2024\/04\/Screenshot-2024-04-25-at-11-23-06-VIDEO-Montpellier-capitale-mondiale-de-la-lumiere-pour-quelques-jours-France-Bleu.png 618w, https:\/\/choisirlecologie.fr\/bienvenue\/wp-content\/uploads\/2024\/04\/Screenshot-2024-04-25-at-11-23-06-VIDEO-Montpellier-capitale-mondiale-de-la-lumiere-pour-quelques-jours-France-Bleu-480x292.png 480w\" sizes=\"auto, (min-width: 0px) and (max-width: 480px) 480px, (min-width: 481px) 618px, 100vw\" \/><\/a><\/figure>\n\n<div class=\"wp-block-post-excerpt\"><p class=\"wp-block-post-excerpt__excerpt\"> <\/p><\/div>\n\n\n<hr class=\"wp-block-separator has-css-opacity\"\/>\n\n\n<div class=\"wp-block-post-date\"><time datetime=\"2024-04-25T09:45:09+00:00\">25\/04\/2024<\/time><\/div>\n<\/li><li class=\"wp-block-post post-13808 post type-post status-publish format-standard has-post-thumbnail hentry category-actualites category-caisse-alimentaire category-medias category-marie-massart category-securite-sociale-alimentation\">\n<h2 class=\"wp-block-post-title\"><a href=\"https:\/\/choisirlecologie.fr\/bienvenue\/montpellier-pionniere-dans-lexperimentation-de-la-ssa-interview-de-marie-massart-altermedias-18-avril-2024\" target=\"_self\" >Montpellier, pionni\u00e8re dans l&rsquo;exp\u00e9rimentation de la SSA : interview de Marie Massart (Alterm\u00e9dias 18 avril 2024)<\/a><\/h2>\n\n<figure class=\"alignwide wp-block-post-featured-image\"><a href=\"https:\/\/choisirlecologie.fr\/bienvenue\/montpellier-pionniere-dans-lexperimentation-de-la-ssa-interview-de-marie-massart-altermedias-18-avril-2024\" target=\"_self\"  ><img loading=\"lazy\" decoding=\"async\" width=\"1460\" height=\"1901\" src=\"https:\/\/choisirlecologie.fr\/bienvenue\/wp-content\/uploads\/2024\/04\/image-3.png\" class=\"attachment-post-thumbnail size-post-thumbnail wp-post-image\" alt=\"Montpellier, pionni\u00e8re dans l&rsquo;exp\u00e9rimentation de la SSA : interview de Marie Massart (Alterm\u00e9dias 18 avril 2024)\" style=\"object-fit:cover;\" srcset=\"https:\/\/choisirlecologie.fr\/bienvenue\/wp-content\/uploads\/2024\/04\/image-3.png 1460w, https:\/\/choisirlecologie.fr\/bienvenue\/wp-content\/uploads\/2024\/04\/image-3-1280x1667.png 1280w, https:\/\/choisirlecologie.fr\/bienvenue\/wp-content\/uploads\/2024\/04\/image-3-980x1276.png 980w, https:\/\/choisirlecologie.fr\/bienvenue\/wp-content\/uploads\/2024\/04\/image-3-480x625.png 480w\" sizes=\"auto, (min-width: 0px) and (max-width: 480px) 480px, (min-width: 481px) and (max-width: 980px) 980px, (min-width: 981px) and (max-width: 1280px) 1280px, (min-width: 1281px) 1460px, 100vw\" \/><\/a><\/figure>\n\n<div class=\"wp-block-post-excerpt\"><p class=\"wp-block-post-excerpt__excerpt\">Lire l&rsquo;article <\/p><\/div>\n\n\n<hr class=\"wp-block-separator has-css-opacity\"\/>\n\n\n<div class=\"wp-block-post-date\"><time datetime=\"2024-04-24T09:53:15+00:00\">24\/04\/2024<\/time><\/div>\n<\/li><\/ul><\/div>\n","protected":false},"excerpt":{"rendered":"","protected":false},"author":6,"featured_media":0,"parent":0,"menu_order":0,"comment_status":"closed","ping_status":"closed","template":"","meta":{"_et_pb_use_builder":"","_et_pb_old_content":"","_et_gb_content_width":"","footnotes":""},"class_list":["post-13824","page","type-page","status-publish","hentry"],"_links":{"self":[{"href":"https:\/\/choisirlecologie.fr\/bienvenue\/wp-json\/wp\/v2\/pages\/13824","targetHints":{"allow":["GET"]}}],"collection":[{"href":"https:\/\/choisirlecologie.fr\/bienvenue\/wp-json\/wp\/v2\/pages"}],"about":[{"href":"https:\/\/choisirlecologie.fr\/bienvenue\/wp-json\/wp\/v2\/types\/page"}],"author":[{"embeddable":true,"href":"https:\/\/choisirlecologie.fr\/bienvenue\/wp-json\/wp\/v2\/users\/6"}],"replies":[{"embeddable":true,"href":"https:\/\/choisirlecologie.fr\/bienvenue\/wp-json\/wp\/v2\/comments?post=13824"}],"version-history":[{"count":3,"href":"https:\/\/choisirlecologie.fr\/bienvenue\/wp-json\/wp\/v2\/pages\/13824\/revisions"}],"predecessor-version":[{"id":13827,"href":"https:\/\/choisirlecologie.fr\/bienvenue\/wp-json\/wp\/v2\/pages\/13824\/revisions\/13827"}],"wp:attachment":[{"href":"https:\/\/choisirlecologie.fr\/bienvenue\/wp-json\/wp\/v2\/media?parent=13824"}],"curies":[{"name":"wp","href":"https:\/\/api.w.org\/{rel}","templated":true}]}}