{"id":12343,"date":"2022-08-31T13:47:04","date_gmt":"2022-08-31T13:47:04","guid":{"rendered":"http:\/\/choisirlecologie.fr\/?page_id=12343"},"modified":"2022-08-31T13:47:25","modified_gmt":"2022-08-31T13:47:25","slug":"12343-2","status":"publish","type":"page","link":"https:\/\/choisirlecologie.fr\/bienvenue\/elu-es\/mustapha-laoukiri\/12343-2","title":{"rendered":"Bilan de Mustapha Laoukiri"},"content":{"rendered":"\n<p><strong><em>Candidature de la ville \u00e0 l\u2019exp\u00e9rimentation Territoire Z\u00e9ro Ch\u00f4meur Longue Dur\u00e9e<\/em><\/strong><\/p>\n\n\n\n<p>Le r\u00f4le et les missions de l\u2019association<\/p>\n\n\n\n<p>Le projet \u00ab Territoires z\u00e9ro ch\u00f4meur de longue dur\u00e9e \u00bb a \u00e9t\u00e9 port\u00e9 pour sa phase de d\u00e9marrage par <a href=\"https:\/\/www.atd-quartmonde.fr\/\" target=\"_blank\" rel=\"noreferrer noopener\">ATD Quart Monde<\/a> en partenariat avec le <a href=\"http:\/\/www.secours-catholique.org\/\" target=\"_blank\" rel=\"noreferrer noopener\">Secours catholique<\/a>, <a href=\"http:\/\/emmaus-france.org\/\" target=\"_blank\" rel=\"noreferrer noopener\">Emma\u00fcs France<\/a>, <a href=\"http:\/\/www.pacte-civique.org\/\" target=\"_blank\" rel=\"noreferrer noopener\">Le Pacte civique<\/a> et la <a href=\"http:\/\/www.federationsolidarite.org\/\" target=\"_blank\" rel=\"noreferrer noopener\">F\u00e9d\u00e9ration des acteurs de la solidarit\u00e9<\/a> avec, d\u00e8s le d\u00e9part, une volont\u00e9 partag\u00e9e que la conduite op\u00e9rationnelle de ce projet puisse \u00eatre ensuite port\u00e9e par une organisation ad-hoc.<\/p>\n\n\n\n<p>L\u2019association \u00ab Territoires z\u00e9ro ch\u00f4meur de longue dur\u00e9e \u00bb a ainsi \u00e9t\u00e9 cr\u00e9\u00e9e le 7 octobre 2016 pour prendre la suite de l\u2019action et d\u00e9montrer qu\u2019il est possible \u00e0 l\u2019\u00e9chelle de petits territoires, sans surco\u00fbt significatif pour la collectivit\u00e9, de proposer \u00e0 tout ch\u00f4meur de longue dur\u00e9e qui le souhaite, un emploi \u00e0 dur\u00e9e ind\u00e9termin\u00e9e \u00e0 temps choisi, en d\u00e9veloppant des activit\u00e9s utiles pour r\u00e9pondre aux besoins des divers acteurs du territoire.<\/p>\n\n\n\n<p>L\u2019association TZCLD a pour objet l\u2019animation et le d\u00e9veloppement du projet dans ses diff\u00e9rentes \u00e9tapes. Suite \u00e0 l\u2019habilitation des 10 territoires exp\u00e9rimentaux par la loi du 29 f\u00e9vrier 2016, de nombreux territoires se mobilisent pour mettre en \u0153uvre la d\u00e9marche.<\/p>\n\n\n\n<p><strong>TZCLD a donc trois missions :<\/strong><\/p>\n\n\n\n<p>-Soutenir les territoires habilit\u00e9s, capitaliser et tirer les enseignements de la premi\u00e8re exp\u00e9rimentation pour am\u00e9liorer la m\u00e9thode ;<\/p>\n\n\n\n<p>-Accompagner les territoires volontaires pour entrer dans la d\u00e9marche et participer \u00e0 une deuxi\u00e8me exp\u00e9rimentation\u00a0;<\/p>\n\n\n\n<p>-Favoriser la diffusion du projet pour obtenir, \u00e0 terme, la p\u00e9rennisation de la d\u00e9marche.<\/p>\n\n\n\n<p><strong>LA MISE EN \u0152UVRE PASSE PAR UNE LOI D\u2019EXP\u00c9RIMENTATION<\/strong><\/p>\n\n\n\n<p>La loi pr\u00e9voit que pendant les cinq ann\u00e9es de l\u2019exp\u00e9rimentation, la contribution au d\u00e9veloppement de l\u2019emploi vers\u00e9e aux entreprises est financ\u00e9e par <a href=\"https:\/\/etcld.fr\/le-fonds\/\" target=\"_blank\" rel=\"noreferrer noopener\">le Fonds d\u2019exp\u00e9rimentation territoriale contre le ch\u00f4mage de longue dur\u00e9e<\/a>, qui recueille l\u2019ensemble des fonds consacr\u00e9s au financement des entreprises conventionn\u00e9es et \u00e0 la mise en \u0153uvre de l\u2019exp\u00e9rimentation.<\/p>\n\n\n\n<p>Ces fonds proviennent de l\u2019\u00c9tat, des conseils d\u00e9partementaux et r\u00e9gionaux, des communaut\u00e9s de communes volontaires entr\u00e9es dans l\u2019exp\u00e9rimentation et des organismes publics et priv\u00e9s volontaires.<\/p>\n\n\n\n<p>\u00c0 l\u2019\u00e9chelle des dix territoires exp\u00e9rimentaux, il s\u2019agit de calculer avec les financeurs publics concern\u00e9s les \u00e9conomies r\u00e9alis\u00e9es par l\u2019embauche de ces personnes dans les EBE et d\u2019affecter, tout ou partie de celle-ci \u00e0 la \u00ab contribution au d\u00e9veloppement de l\u2019emploi \u00bb, via le Fonds d\u2019exp\u00e9rimentation.&nbsp; Il s\u2019agit du transfert d\u2019un budget existant et p\u00e9renne sans co\u00fbt suppl\u00e9mentaire pour la collectivit\u00e9.<\/p>\n\n\n\n<p>Le projet comprend quatre phases<\/p>\n\n\n\n<figure class=\"wp-block-image size-large\"><img loading=\"lazy\" decoding=\"async\" width=\"1024\" height=\"716\" src=\"http:\/\/choisirlecologie.fr\/wp-content\/uploads\/2022\/08\/mus-zero-chomeur-1024x716.jpg\" alt=\"\" class=\"wp-image-12344\" srcset=\"http:\/\/choisirlecologie.fr\/wp-content\/uploads\/2022\/08\/mus-zero-chomeur-980x686.jpg 980w, http:\/\/choisirlecologie.fr\/wp-content\/uploads\/2022\/08\/mus-zero-chomeur-480x336.jpg 480w\" sizes=\"auto, (min-width: 0px) and (max-width: 480px) 480px, (min-width: 481px) and (max-width: 980px) 980px, (min-width: 981px) 1024px, 100vw\" \/><\/figure>\n\n\n\n<p>Les trois premi\u00e8res phases sont r\u00e9alis\u00e9es par le comit\u00e9 local assist\u00e9 d\u2019une \u00e9quipe projet. Le financement de ces phases est assur\u00e9 par les collectivit\u00e9s locales concern\u00e9es et par des partenariats. La quatri\u00e8me phase de l\u2019exp\u00e9rimentation r\u00e9sulte de l\u2019habilitation de la collectivit\u00e9 territoriale par l\u2019\u00c9tat.<\/p>\n\n\n\n<p>Sur <a href=\"https:\/\/www.tzcld.fr\/devenir-projet-emergent\/\" target=\"_blank\" rel=\"noreferrer noopener\">les projets \u00e9mergents<\/a>, la quatri\u00e8me phase de l\u2019exp\u00e9rimentation d\u00e9pendra l\u2019habilitation dans le cadre de la 2e loi d\u2019exp\u00e9rimentation \u00e0 venir et, \u00e0 terme, de la p\u00e9rennisation de la d\u00e9marche<\/p>\n\n\n\n<p><strong>La ville de Montpellier a candidat\u00e9 \u00e0 l\u2019exp\u00e9rimentation et adh\u00e9rer du m\u00eame coup \u00e0 l\u2019association TZCLD du fait de la d\u00e9lib\u00e9ration pr\u00e9sent\u00e9e lors du CM du 14\/06\/2021<\/strong><\/p>\n\n\n\n<p><\/p>\n\n\n\n<p><\/p>\n\n\n\n<p><strong><em>Suivi et mise en place des subventions aux associations dans le cadre des politiques de la ville<\/em><\/strong><\/p>\n\n\n\n<p>Les questions li\u00e9es \u00e0 l\u2019emploi et au d\u00e9veloppement \u00e9conomique sont au c\u0153ur des pr\u00e9occupations des habitants des quartiers en politique de la ville.<\/p>\n\n\n\n<p>Projets et r\u00e9flexions engag\u00e9s<\/p>\n\n\n\n<p>Politique de la ville \/ coh\u00e9sion sociale :<\/p>\n\n\n\n<p>\u2022 Veille sur les associations nouvellement cr\u00e9er ou non signataire du CDV<\/p>\n\n\n\n<p>\u2013 Accompagnement de petites associations \u00e0 l\u2019initiative d\u2019habitants<\/p>\n\n\n\n<p>Co animation de la strat\u00e9gie de multiplication des services civiques<\/p>\n\n\n\n<p>\u2013 D\u00e9ploiement de l\u2019engagement des services civiques sur tous les services de la ville :<\/p>\n\n\n\n<p>Engagement citoyen, veille sur le service en capacit\u00e9 de porter le plan d\u2019action.<\/p>\n\n\n\n<p>D\u00e9veloppement de formations \u00e0 certains m\u00e9tiers en tensions : aide-soignante, animation, b\u00e2timent (voir Anru), en lien avec la m\u00e9tropole, service emploi.<\/p>\n\n\n\n<p>\u2022 Apprentissage de la langue fran\u00e7aise<\/p>\n\n\n\n<p>\u2013 L\u2019apprentissage de la langue Fran\u00e7aise : Mettre en \u0153uvre la plateforme linguistique d\u2019\u00e9valuation et d\u2019orientation des publics en mati\u00e8re d\u2019alphab\u00e9tisation<\/p>\n\n\n\n<p>\u2022 Apprentissage<\/p>\n\n\n\n<p>\u2022 Bourse des stages \u00e0 partir du lyc\u00e9e jusqu\u2019\u00e0 l\u2019enseignement sup\u00e9rieur<\/p>\n\n\n\n<p>Cr\u00e9ation d\u2019une plateforme commune avec un certain nombre de partenaire du monde \u00e9conomique et sociale afin de regrouper toutes les offres de stages disponibles et faciliter la connexion entre les jeunes et le monde entrepreneurial.<\/p>\n\n\n\n<p><\/p>\n\n\n\n<p><\/p>\n\n\n\n<p><strong><em>Entreprise et volet social ANRU<\/em><\/strong><\/p>\n\n\n\n<p>Quelques actions :<\/p>\n\n\n\n<p>&#8211; Int\u00e9grer des clauses d\u2019insertion et RSE dans les march\u00e9s publics de la collectivit\u00e9, et travailler avec les services pour l\u2019ouverture des march\u00e9s en dessous du seuil de proc\u00e9dure adapt\u00e9e \u00e0 des entreprises diff\u00e9rentes \u00e0 chaque commande, avec une analyse en termes de qualit\u00e9 sociale, environnementale des entreprises, travailler \u00e0 l\u2019allotissement des march\u00e9s publics pour favoriser l\u2019acc\u00e8s \u00e0 des entreprises locales, en conservant les imp\u00e9ratifs d\u2019exigence et d\u2019excellence de l\u2019ex\u00e9cution des march\u00e9s publics,<\/p>\n\n\n\n<p>&#8211; Mettre en \u0153uvre les actions du volet social de l\u2019ANRU, en termes de formation, d\u2019aides \u00e0 la cr\u00e9ation d\u2019entreprises\u2026<\/p>\n\n\n\n<p>&#8211; Accompagner ou cr\u00e9er des dispositifs d\u2019accompagnement permettant de d\u00e9velopper <s>vers <\/s>l\u2019apprentissage, la stagiairisation&nbsp;; s\u2019associer \u00e0 des partenaires, comme la R\u00e9gion, pour renforcer les dispositifs de VAE; r\u00e9fl\u00e9chir \u00e0 des dispositifs d\u2019accueil d\u2019apprentis, de stagiaires, de services civiques au sein de l\u2019administration,<\/p>\n\n\n\n<p>\u2013 Engager les partenaires sur le volet orientation-formation-qualification (ex : pole VAE)<\/p>\n\n\n\n<p>\u2013 Initier une action sur le d\u00e9veloppement des commerces \/ immobiliers d\u2019activit\u00e9 dans les QPV<\/p>\n\n\n\n<p>\u2013 De mani\u00e8re transversale, analyser la mobilisation du droit commun (cf. recommandation sur le sujet dans le volet pilotage)<\/p>\n\n\n\n<p>\u2022 S\u00e9curiser et d\u00e9velopper la charte Entreprises et Quartiers<\/p>\n\n\n\n<p>\u2013 Renforcer l\u2019appropriation par les acteurs de la r\u00e9ussite de l\u2019op\u00e9ration<\/p>\n\n\n\n<p>\u2013 S\u2019accorder collectivement sur l\u2019enjeu de la p\u00e9rennit\u00e9 de la charte et de la place indispensable de l\u2019animation<\/p>\n\n\n\n<p>\u2013 Exp\u00e9rimenter les \u00ab march\u00e9s r\u00e9serv\u00e9s \u00bb int\u00e9grant des actions de pr\u00e9paration et de qualification des publics, en amont des clauses (ex : ESS, SIAE, ESAT et entreprises adapt\u00e9s, march\u00e9 global ou au lot)<\/p>\n\n\n\n<p>\u2013 Diversifier les types de march\u00e9s contenant des clauses sociales afin de r\u00e9pondre aux besoins de diff\u00e9rents publics, notamment des femmes et des jeunes peu qualifi\u00e9s<\/p>\n\n\n\n<p>\u2022 Projet de relance \u00e9conomique \u00e0 destinations des entreprises et petits entrepreneur du territoire 3M<\/p>\n\n\n\n<p>\u2013 Mise en place d\u2019un plan de communication \u00e0 destination des entreprises sur les appels d\u2019offres simplifi\u00e9es (-de 40K\u20ac)<\/p>\n\n\n\n<p>\u2013 G\u00e9n\u00e9ralisation de l\u2019allotissement et minimiser les appels d\u2019offres en conception r\u00e9alisation (SA3M, SERM, ACM, \u2026)<\/p>\n\n\n\n<p>\u2013 Relance des manifestations de cr\u00e9ation et transmission reprise d\u2019entreprises<\/p>\n\n\n\n<p>\u2013 Facilit\u00e9 l\u2019entrepreneuriat avec autorisation de stationnement de petit commer\u00e7ants type \u00ab foodbike\u00bb<\/p>\n\n\n\n<p>\u2013 Cr\u00e9ation d\u2019un festival Food trucks sur le th\u00e8me des ramblats, afin d\u2019animer certains quartiers et de les redynamiser \u00e9conomiquement<\/p>\n","protected":false},"excerpt":{"rendered":"<p>Candidature de la ville \u00e0 l\u2019exp\u00e9rimentation Territoire Z\u00e9ro Ch\u00f4meur Longue Dur\u00e9e Le r\u00f4le et les missions de l\u2019association Le projet \u00ab Territoires z\u00e9ro ch\u00f4meur de longue dur\u00e9e \u00bb a \u00e9t\u00e9 port\u00e9 pour sa phase de d\u00e9marrage par ATD Quart Monde en partenariat avec le Secours catholique, Emma\u00fcs France, Le Pacte civique et la F\u00e9d\u00e9ration des [&hellip;]<\/p>\n","protected":false},"author":6,"featured_media":0,"parent":10257,"menu_order":1,"comment_status":"closed","ping_status":"closed","template":"","meta":{"_et_pb_use_builder":"","_et_pb_old_content":"","_et_gb_content_width":"","footnotes":""},"class_list":["post-12343","page","type-page","status-publish","hentry"],"_links":{"self":[{"href":"https:\/\/choisirlecologie.fr\/bienvenue\/wp-json\/wp\/v2\/pages\/12343","targetHints":{"allow":["GET"]}}],"collection":[{"href":"https:\/\/choisirlecologie.fr\/bienvenue\/wp-json\/wp\/v2\/pages"}],"about":[{"href":"https:\/\/choisirlecologie.fr\/bienvenue\/wp-json\/wp\/v2\/types\/page"}],"author":[{"embeddable":true,"href":"https:\/\/choisirlecologie.fr\/bienvenue\/wp-json\/wp\/v2\/users\/6"}],"replies":[{"embeddable":true,"href":"https:\/\/choisirlecologie.fr\/bienvenue\/wp-json\/wp\/v2\/comments?post=12343"}],"version-history":[{"count":2,"href":"https:\/\/choisirlecologie.fr\/bienvenue\/wp-json\/wp\/v2\/pages\/12343\/revisions"}],"predecessor-version":[{"id":12346,"href":"https:\/\/choisirlecologie.fr\/bienvenue\/wp-json\/wp\/v2\/pages\/12343\/revisions\/12346"}],"up":[{"embeddable":true,"href":"https:\/\/choisirlecologie.fr\/bienvenue\/wp-json\/wp\/v2\/pages\/10257"}],"wp:attachment":[{"href":"https:\/\/choisirlecologie.fr\/bienvenue\/wp-json\/wp\/v2\/media?parent=12343"}],"curies":[{"name":"wp","href":"https:\/\/api.w.org\/{rel}","templated":true}]}}