{"id":10257,"date":"2021-02-15T09:37:05","date_gmt":"2021-02-15T09:37:05","guid":{"rendered":"http:\/\/choisirlecologie.fr\/?page_id=10257"},"modified":"2022-10-07T09:24:22","modified_gmt":"2022-10-07T09:24:22","slug":"mustapha-laoukiri","status":"publish","type":"page","link":"https:\/\/choisirlecologie.fr\/bienvenue\/elu-es\/mustapha-laoukiri","title":{"rendered":"Mustapha Laoukiri"},"content":{"rendered":"<p>[et_pb_section fb_built=\u00a0\u00bb1&Prime; fullwidth=\u00a0\u00bbon\u00a0\u00bb _builder_version=\u00a0\u00bb3.22&Prime; animation_style=\u00a0\u00bbslide\u00a0\u00bb animation_direction=\u00a0\u00bbtop\u00a0\u00bb animation_intensity_slide=\u00a0\u00bb2%\u00a0\u00bb animation_starting_opacity=\u00a0\u00bb100%\u00a0\u00bb locked=\u00a0\u00bboff\u00a0\u00bb][et_pb_fullwidth_header title=\u00a0\u00bbMustapha LAOUKIRI\u00a0\u00bb content_max_width=\u00a0\u00bb800px\u00a0\u00bb _builder_version=\u00a0\u00bb4.9.0&Prime; title_level=\u00a0\u00bbh2&Prime; title_font=\u00a0\u00bbLato||||||||\u00a0\u00bb title_font_size=\u00a0\u00bb60px\u00a0\u00bb title_line_height=\u00a0\u00bb1.2em\u00a0\u00bb content_font=\u00a0\u00bb||||||||\u00a0\u00bb content_font_size=\u00a0\u00bb20px\u00a0\u00bb content_line_height=\u00a0\u00bb1.8em\u00a0\u00bb background_color=\u00a0\u00bb#7ab41d\u00a0\u00bb background_color_gradient_direction=\u00a0\u00bb73deg\u00a0\u00bb background_enable_image=\u00a0\u00bboff\u00a0\u00bb custom_button_one=\u00a0\u00bbon\u00a0\u00bb button_one_text_size=\u00a0\u00bb18px\u00a0\u00bb button_one_bg_color=\u00a0\u00bb#02d002&Prime; button_one_border_width=\u00a0\u00bb8px\u00a0\u00bb button_one_border_color=\u00a0\u00bb#02d002&Prime; button_one_border_radius=\u00a0\u00bb0px\u00a0\u00bb button_one_letter_spacing=\u00a0\u00bb1px\u00a0\u00bb button_one_font=\u00a0\u00bbLato|700|||||||\u00a0\u00bb button_one_use_icon=\u00a0\u00bboff\u00a0\u00bb custom_button_two=\u00a0\u00bbon\u00a0\u00bb button_two_text_size=\u00a0\u00bb18px\u00a0\u00bb button_two_text_color=\u00a0\u00bb#353740&Prime; button_two_bg_color=\u00a0\u00bb#ffffff\u00a0\u00bb button_two_border_width=\u00a0\u00bb8px\u00a0\u00bb button_two_border_color=\u00a0\u00bb#ffffff\u00a0\u00bb button_two_border_radius=\u00a0\u00bb0px\u00a0\u00bb button_two_letter_spacing=\u00a0\u00bb1px\u00a0\u00bb button_two_font=\u00a0\u00bbLato|700|||||||\u00a0\u00bb button_two_use_icon=\u00a0\u00bboff\u00a0\u00bb width=\u00a0\u00bb100%\u00a0\u00bb min_height=\u00a0\u00bb100px\u00a0\u00bb height=\u00a0\u00bb100px\u00a0\u00bb max_height=\u00a0\u00bb100px\u00a0\u00bb custom_margin=\u00a0\u00bb|||\u00a0\u00bb custom_padding=\u00a0\u00bb2%||8%||false|false\u00a0\u00bb text_shadow_style=\u00a0\u00bbpreset3&Prime; button_one_letter_spacing_hover=\u00a0\u00bb1px\u00a0\u00bb button_two_letter_spacing_hover=\u00a0\u00bb1px\u00a0\u00bb locked=\u00a0\u00bboff\u00a0\u00bb button_one_text_size__hover_enabled=\u00a0\u00bboff\u00a0\u00bb button_two_text_size__hover_enabled=\u00a0\u00bboff\u00a0\u00bb button_one_text_color__hover_enabled=\u00a0\u00bboff\u00a0\u00bb button_two_text_color__hover_enabled=\u00a0\u00bboff\u00a0\u00bb button_one_border_width__hover_enabled=\u00a0\u00bboff\u00a0\u00bb button_two_border_width__hover_enabled=\u00a0\u00bboff\u00a0\u00bb button_one_border_color__hover_enabled=\u00a0\u00bboff\u00a0\u00bb button_two_border_color__hover_enabled=\u00a0\u00bboff\u00a0\u00bb button_one_border_radius__hover_enabled=\u00a0\u00bboff\u00a0\u00bb button_two_border_radius__hover_enabled=\u00a0\u00bboff\u00a0\u00bb button_one_letter_spacing__hover_enabled=\u00a0\u00bbon\u00a0\u00bb button_one_letter_spacing__hover=\u00a0\u00bb1px\u00a0\u00bb button_two_letter_spacing__hover_enabled=\u00a0\u00bbon\u00a0\u00bb button_two_letter_spacing__hover=\u00a0\u00bb1px\u00a0\u00bb button_one_bg_color__hover_enabled=\u00a0\u00bboff\u00a0\u00bb button_two_bg_color__hover_enabled=\u00a0\u00bboff\u00a0\u00bb][\/et_pb_fullwidth_header][\/et_pb_section][et_pb_section fb_built=\u00a0\u00bb1&Prime; _builder_version=\u00a0\u00bb4.9.0&Prime; background_color=\u00a0\u00bb#f7f7f7&Prime; custom_padding=\u00a0\u00bb19px||100px||false|false\u00a0\u00bb][et_pb_row _builder_version=\u00a0\u00bb4.9.0&Prime; _module_preset=\u00a0\u00bbdefault\u00a0\u00bb][et_pb_column type=\u00a0\u00bb4_4&Prime; _builder_version=\u00a0\u00bb4.9.0&Prime; _module_preset=\u00a0\u00bbdefault\u00a0\u00bb][et_pb_team_member name=\u00a0\u00bbMustapha LAOUKIRI\u00a0\u00bb position=\u00a0\u00bb16e Adjoint au maire, d\u00e9l\u00e9gu\u00e9 \u00e0 l&rsquo;Emploi et Cr\u00e9ation d&rsquo;entreprises \u00a0\u00bb image_url=\u00a0\u00bbhttp:\/\/choisirlecologie.fr\/wp-content\/uploads\/2021\/02\/LAOUKIRI_Mustapha-1.jpg\u00a0\u00bb use_icon_font_size=\u00a0\u00bbon\u00a0\u00bb icon_font_size=\u00a0\u00bb24px\u00a0\u00bb _builder_version=\u00a0\u00bb4.9.0&Prime; _module_preset=\u00a0\u00bbdefault\u00a0\u00bb header_level=\u00a0\u00bbh1&Prime; position_text_color=\u00a0\u00bb#000000&Prime; position_font_size=\u00a0\u00bb15px\u00a0\u00bb hover_enabled=\u00a0\u00bb0&Prime; box_shadow_style_image=\u00a0\u00bbpreset1&Prime; sticky_enabled=\u00a0\u00bb0&Prime;]<\/p>\n<p>D\u00e9tail de la d\u00e9l\u00e9gation:<\/p>\n<ul>\n<li>Exp\u00e9rimentation \u00ab\u00a0Territoire Z\u00e9ro Ch\u00f4meur\u00a0\u00bb<\/li>\n<li>Volet social du projet ANRU\u00a0: formation, cr\u00e9ation d&rsquo;entreprises&#8230;<\/li>\n<li>Politique de la Ville- Exp\u00e9rimentation \u00ab\u00a0Territoire Z\u00e9ro Ch\u00f4meur\u00a0\u00bb<\/li>\n<\/ul>\n<p>Pour le mandat qui m&rsquo;a \u00e9t\u00e9 confi\u00e9, j&rsquo;aurai en charge de:<br \/>\n&#8211; Conduire, en lien avec les politiques m\u00e9tropolitaines, la mise en \u0153uvre de la politique de la ville \u00e0 Montpellier, plus particuli\u00e8rement sur ses douze Quartiers Prioritaires de la Ville (QPV);<br \/>\n&#8211; Travailler en lien avec l\u2019Adjointe \u00e0 la Culture \u00e0 une territorialisation dans les QPV des politiques culturelles, sans cr\u00e9er de concurrence avec les autres territoires;<br \/>\n&#8211; Conduire sur le territoire l\u2019exp\u00e9rimentation du dispositif \u00ab\u00a0Territoire z\u00e9ro ch\u00f4meurs de longue dur\u00e9e\u00a0\u00bb (TZCLD);<br \/>\n&#8211; Int\u00e9grer des clauses d\u2019insertion et RSE dans les march\u00e9s publics de la collectivit\u00e9, avec une analyse en termes de qualit\u00e9 sociale, environnementale des entreprises, travailler \u00e0 l\u2019allotissement des march\u00e9s publics pour favoriser l\u2019acc\u00e8s \u00e0 des entreprises locales, en conservant les imp\u00e9ratifs d\u2019exigence et d\u2019excellence de l\u2019ex\u00e9cution des march\u00e9s publics,<br \/>\n&#8211; Accompagner ou cr\u00e9er des dispositifs d\u2019accompagnement permettant de d\u00e9velopper vers l\u2019apprentissage, la stagiairisation\u00a0; s\u2019associer \u00e0 des partenaires, comme la R\u00e9gion, pour renforcer les dispositifs de VAE; r\u00e9fl\u00e9chir \u00e0 des dispositifs d\u2019accueil d\u2019apprentis, de stagiaires, de services civiques au sein de l\u2019administration,<br \/>\n&#8211; Mettre en \u0153uvre les actions du volet social de l&rsquo;op\u00e9ration de R\u00e9novation Urbaine, en termes de formation, d\u2019aides \u00e0 la cr\u00e9ation d\u2019entreprises\u2026<\/p>\n<p><strong><a href=\"http:\/\/choisirlecologie.fr\/elu-es\/mustapha-laoukiri\/12343-2\">Son Bilan<\/a><\/strong><\/p>\n<p><strong><a href=\"http:\/\/choisirlecologie.fr\/?s=mustapha+laoukiri\">Ses Actualit\u00e9s<\/a><\/strong><\/p>\n<p>[\/et_pb_team_member][\/et_pb_column][\/et_pb_row][et_pb_row _builder_version=\u00a0\u00bb4.9.0&Prime; _module_preset=\u00a0\u00bbdefault\u00a0\u00bb][et_pb_column type=\u00a0\u00bb4_4&Prime; _builder_version=\u00a0\u00bb4.9.0&Prime; _module_preset=\u00a0\u00bbdefault\u00a0\u00bb][et_pb_testimonial portrait_url=\u00a0\u00bbhttp:\/\/choisirlecologie.fr\/wp-content\/uploads\/2021\/02\/LAOUKIRI_Mustapha-1.jpg\u00a0\u00bb _builder_version=\u00a0\u00bb4.9.0&Prime; _module_preset=\u00a0\u00bbdefault\u00a0\u00bb hover_enabled=\u00a0\u00bb0&Prime; sticky_enabled=\u00a0\u00bb0&Prime;]<\/p>\n<h3>\u00ab\u00a0Je veux contribuer \u00e0 redonner toute leur place dans la ville \u00e0 des quartiers trop lontemps d\u00e9laiss\u00e9s\u00a0\u00bb<\/h3>\n<p>[\/et_pb_testimonial][\/et_pb_column][\/et_pb_row][et_pb_row _builder_version=\u00a0\u00bb4.9.0&Prime; _module_preset=\u00a0\u00bbdefault\u00a0\u00bb][et_pb_column type=\u00a0\u00bb4_4&Prime; _builder_version=\u00a0\u00bb4.9.0&Prime; _module_preset=\u00a0\u00bbdefault\u00a0\u00bb][et_pb_text _builder_version=\u00a0\u00bb4.9.0&Prime; _module_preset=\u00a0\u00bbdefault\u00a0\u00bb]<\/p>\n<h1><strong>Biographie<\/strong><\/h1>\n<div id=\"wpm_6310_modal_details\">\n<p>47 ans<br \/>\nQuartier : La Paillade<\/p>\n<p>Natif de Montpellier, j\u2019ai v\u00e9cu \u00e0 la Paillade jusqu\u2019\u00e0 mes 38 ans.\u00a0 Je suis mari\u00e9 et p\u00e8re de trois gar\u00e7ons qui sont n\u00e9s et ont fait leur \u00e9cole primaire \u00e0 la Paillade<\/p>\n<p>Je fus adh\u00e9rent de l\u2019association AJPPN, puis pr\u00e9sident de l\u2019association UMA \u00e0 la Paillade de 2007 \u00e0 aujourd\u2019hui.<br \/>\nCet engagement associatif est le fruit d\u2019une longue r\u00e9flexion: j\u2019ai toujours eu \u00e0 c\u0153ur de d\u00e9fendre l\u2019\u00e9mancipation des quartiers, notamment celui de la Paillade.<br \/>\nPolitiquement je fus adh\u00e9rent des verts dans les ann\u00e9es 2001, ensuite au PS de 2008 \u00e0 2018.<\/p>\n<p>Professionnellement j&rsquo;ai \u00e9t\u00e9 charg\u00e9 de d\u00e9veloppement \u00e9conomique \u00e0 la Chambre de M\u00e9tiers et de l\u2019Artisanat de l\u2019H\u00e9rault, en charge de l\u2019antenne de la Mosson.<br \/>\nDepuis septembre 2018, je suis conseiller en financement solidaire pour les Quartiers prioritaires de la politique de la Ville sur le d\u00e9partement de l\u2019H\u00e9rault, dont Montpellier.<\/p>\n<\/div>\n<p>[\/et_pb_text][\/et_pb_column][\/et_pb_row][et_pb_row _builder_version=\u00a0\u00bb4.9.0&Prime; _module_preset=\u00a0\u00bbdefault\u00a0\u00bb][et_pb_column type=\u00a0\u00bb4_4&Prime; _builder_version=\u00a0\u00bb4.9.0&Prime; _module_preset=\u00a0\u00bbdefault\u00a0\u00bb][et_pb_text _builder_version=\u00a0\u00bb4.9.0&Prime; _module_preset=\u00a0\u00bbdefault\u00a0\u00bb]<\/p>\n<h1>Les 12 \u00e9lu-es du groupe<\/h1>\n<p>This template is only available on the pro version.<\/p>\n<p>[\/et_pb_text][\/et_pb_column][\/et_pb_row][\/et_pb_section][et_pb_section fb_built=\u00a0\u00bb1&Prime; admin_label=\u00a0\u00bbNewsletter Section\u00a0\u00bb _builder_version=\u00a0\u00bb3.22&Prime; background_color=\u00a0\u00bb#f7f7f7&Prime; background_image=\u00a0\u00bbhttp:\/\/choisirlecologie.fr\/wp-content\/uploads\/2021\/02\/background-texture.png\u00a0\u00bb parallax=\u00a0\u00bbon\u00a0\u00bb custom_padding=\u00a0\u00bb54px||140px|\u00a0\u00bb global_module=\u00a0\u00bb72&Prime; saved_tabs=\u00a0\u00bball\u00a0\u00bb][et_pb_row admin_label=\u00a0\u00bbNewsletter Area\u00a0\u00bb _builder_version=\u00a0\u00bb3.25&Prime; locked=\u00a0\u00bboff\u00a0\u00bb][et_pb_column type=\u00a0\u00bb4_4&Prime; _builder_version=\u00a0\u00bb3.25&Prime; custom_padding=\u00a0\u00bb|||\u00a0\u00bb custom_padding__hover=\u00a0\u00bb|||\u00a0\u00bb][et_pb_signup provider=\u00a0\u00bbsendinblue\u00a0\u00bb sendinblue_list=\u00a0\u00bbmontpellier@eelvfr|65&Prime; name_field=\u00a0\u00bbon\u00a0\u00bb title=\u00a0\u00bbInscrivez vous \u00e0 notre lettre d&rsquo;information !\u00a0\u00bb button_text=\u00a0\u00bbJe m&rsquo;inscris !\u00a0\u00bb description=\u00a0\u00bb<\/p>\n<p>Tenez-vous inform\u00e9-e des derni\u00e8res actualit\u00e9s des \u00e9lu-es du groupe %22Choisir l&rsquo;\u00e9cologie pour Montpellier%22<\/p>\n<p>\u00a0\u00bb admin_label=\u00a0\u00bbEmail Option\u00a0\u00bb _builder_version=\u00a0\u00bb4.9.0&Prime; header_font=\u00a0\u00bbLato||||||||\u00a0\u00bb header_font_size=\u00a0\u00bb36px\u00a0\u00bb header_line_height=\u00a0\u00bb1.5em\u00a0\u00bb body_font=\u00a0\u00bb||||||||\u00a0\u00bb body_font_size=\u00a0\u00bb16px\u00a0\u00bb body_line_height=\u00a0\u00bb1.8em\u00a0\u00bb result_message_font=\u00a0\u00bb||||||||\u00a0\u00bb use_background_color=\u00a0\u00bboff\u00a0\u00bb custom_button=\u00a0\u00bbon\u00a0\u00bb button_text_size=\u00a0\u00bb18px\u00a0\u00bb button_text_color=\u00a0\u00bb#ffffff\u00a0\u00bb button_bg_color=\u00a0\u00bb#6ab652&Prime; button_border_width=\u00a0\u00bb4px\u00a0\u00bb button_border_color=\u00a0\u00bb#02d002&Prime; button_border_radius=\u00a0\u00bb0px\u00a0\u00bb button_letter_spacing=\u00a0\u00bb1px\u00a0\u00bb button_font=\u00a0\u00bbLato|700|||||||\u00a0\u00bb background_layout=\u00a0\u00bblight\u00a0\u00bb button_letter_spacing_hover=\u00a0\u00bb0&Prime; button_text_size__hover_enabled=\u00a0\u00bboff\u00a0\u00bb button_one_text_size__hover_enabled=\u00a0\u00bboff\u00a0\u00bb button_two_text_size__hover_enabled=\u00a0\u00bboff\u00a0\u00bb button_text_color__hover_enabled=\u00a0\u00bboff\u00a0\u00bb button_one_text_color__hover_enabled=\u00a0\u00bboff\u00a0\u00bb button_two_text_color__hover_enabled=\u00a0\u00bboff\u00a0\u00bb button_border_width__hover_enabled=\u00a0\u00bboff\u00a0\u00bb button_one_border_width__hover_enabled=\u00a0\u00bboff\u00a0\u00bb button_two_border_width__hover_enabled=\u00a0\u00bboff\u00a0\u00bb button_border_color__hover_enabled=\u00a0\u00bboff\u00a0\u00bb button_one_border_color__hover_enabled=\u00a0\u00bboff\u00a0\u00bb button_two_border_color__hover_enabled=\u00a0\u00bboff\u00a0\u00bb button_border_radius__hover_enabled=\u00a0\u00bboff\u00a0\u00bb button_one_border_radius__hover_enabled=\u00a0\u00bboff\u00a0\u00bb button_two_border_radius__hover_enabled=\u00a0\u00bboff\u00a0\u00bb button_letter_spacing__hover_enabled=\u00a0\u00bbon\u00a0\u00bb button_letter_spacing__hover=\u00a0\u00bb0&Prime; button_one_letter_spacing__hover_enabled=\u00a0\u00bboff\u00a0\u00bb button_two_letter_spacing__hover_enabled=\u00a0\u00bboff\u00a0\u00bb button_bg_color__hover_enabled=\u00a0\u00bboff\u00a0\u00bb button_one_bg_color__hover_enabled=\u00a0\u00bboff\u00a0\u00bb button_two_bg_color__hover_enabled=\u00a0\u00bboff\u00a0\u00bb][\/et_pb_signup][\/et_pb_column][\/et_pb_row][\/et_pb_section]<\/p>\n","protected":false},"excerpt":{"rendered":"<p>D\u00e9tail de la d\u00e9l\u00e9gation: Exp\u00e9rimentation \u00ab\u00a0Territoire Z\u00e9ro Ch\u00f4meur\u00a0\u00bb Volet social du projet ANRU\u00a0: formation, cr\u00e9ation d&rsquo;entreprises&#8230; Politique de la Ville- Exp\u00e9rimentation \u00ab\u00a0Territoire Z\u00e9ro Ch\u00f4meur\u00a0\u00bb Pour le mandat qui m&rsquo;a \u00e9t\u00e9 confi\u00e9, j&rsquo;aurai en charge de: &#8211; Conduire, en lien avec les politiques m\u00e9tropolitaines, la mise en \u0153uvre de la politique de la ville \u00e0 Montpellier, [&hellip;]<\/p>\n","protected":false},"author":1,"featured_media":0,"parent":10025,"menu_order":0,"comment_status":"closed","ping_status":"closed","template":"","meta":{"_et_pb_use_builder":"on","_et_pb_old_content":"","_et_gb_content_width":"","footnotes":""},"class_list":["post-10257","page","type-page","status-publish","hentry"],"_links":{"self":[{"href":"https:\/\/choisirlecologie.fr\/bienvenue\/wp-json\/wp\/v2\/pages\/10257","targetHints":{"allow":["GET"]}}],"collection":[{"href":"https:\/\/choisirlecologie.fr\/bienvenue\/wp-json\/wp\/v2\/pages"}],"about":[{"href":"https:\/\/choisirlecologie.fr\/bienvenue\/wp-json\/wp\/v2\/types\/page"}],"author":[{"embeddable":true,"href":"https:\/\/choisirlecologie.fr\/bienvenue\/wp-json\/wp\/v2\/users\/1"}],"replies":[{"embeddable":true,"href":"https:\/\/choisirlecologie.fr\/bienvenue\/wp-json\/wp\/v2\/comments?post=10257"}],"version-history":[{"count":9,"href":"https:\/\/choisirlecologie.fr\/bienvenue\/wp-json\/wp\/v2\/pages\/10257\/revisions"}],"predecessor-version":[{"id":12493,"href":"https:\/\/choisirlecologie.fr\/bienvenue\/wp-json\/wp\/v2\/pages\/10257\/revisions\/12493"}],"up":[{"embeddable":true,"href":"https:\/\/choisirlecologie.fr\/bienvenue\/wp-json\/wp\/v2\/pages\/10025"}],"wp:attachment":[{"href":"https:\/\/choisirlecologie.fr\/bienvenue\/wp-json\/wp\/v2\/media?parent=10257"}],"curies":[{"name":"wp","href":"https:\/\/api.w.org\/{rel}","templated":true}]}}