{"id":10254,"date":"2021-02-15T09:36:02","date_gmt":"2021-02-15T09:36:02","guid":{"rendered":"http:\/\/choisirlecologie.fr\/?page_id=10254"},"modified":"2022-10-07T09:48:13","modified_gmt":"2022-10-07T09:48:13","slug":"eddine-ariztegui","status":"publish","type":"page","link":"https:\/\/choisirlecologie.fr\/bienvenue\/elu-es\/eddine-ariztegui","title":{"rendered":"Eddine Ariztegui"},"content":{"rendered":"<p>[et_pb_section fb_built=\u00a0\u00bb1&Prime; fullwidth=\u00a0\u00bbon\u00a0\u00bb _builder_version=\u00a0\u00bb3.22&Prime; animation_style=\u00a0\u00bbslide\u00a0\u00bb animation_direction=\u00a0\u00bbtop\u00a0\u00bb animation_intensity_slide=\u00a0\u00bb2%\u00a0\u00bb animation_starting_opacity=\u00a0\u00bb100%\u00a0\u00bb locked=\u00a0\u00bboff\u00a0\u00bb][et_pb_fullwidth_header title=\u00a0\u00bbEddine ARIZTEGUI\u00a0\u00bb content_max_width=\u00a0\u00bb800px\u00a0\u00bb _builder_version=\u00a0\u00bb4.9.0&Prime; title_level=\u00a0\u00bbh2&Prime; title_font=\u00a0\u00bbLato||||||||\u00a0\u00bb title_font_size=\u00a0\u00bb60px\u00a0\u00bb title_line_height=\u00a0\u00bb1.2em\u00a0\u00bb content_font=\u00a0\u00bb||||||||\u00a0\u00bb content_font_size=\u00a0\u00bb20px\u00a0\u00bb content_line_height=\u00a0\u00bb1.8em\u00a0\u00bb background_color=\u00a0\u00bb#7ab41d\u00a0\u00bb background_color_gradient_direction=\u00a0\u00bb73deg\u00a0\u00bb background_enable_image=\u00a0\u00bboff\u00a0\u00bb custom_button_one=\u00a0\u00bbon\u00a0\u00bb button_one_text_size=\u00a0\u00bb18px\u00a0\u00bb button_one_bg_color=\u00a0\u00bb#02d002&Prime; button_one_border_width=\u00a0\u00bb8px\u00a0\u00bb button_one_border_color=\u00a0\u00bb#02d002&Prime; button_one_border_radius=\u00a0\u00bb0px\u00a0\u00bb button_one_letter_spacing=\u00a0\u00bb1px\u00a0\u00bb button_one_font=\u00a0\u00bbLato|700|||||||\u00a0\u00bb button_one_use_icon=\u00a0\u00bboff\u00a0\u00bb custom_button_two=\u00a0\u00bbon\u00a0\u00bb button_two_text_size=\u00a0\u00bb18px\u00a0\u00bb button_two_text_color=\u00a0\u00bb#353740&Prime; button_two_bg_color=\u00a0\u00bb#ffffff\u00a0\u00bb button_two_border_width=\u00a0\u00bb8px\u00a0\u00bb button_two_border_color=\u00a0\u00bb#ffffff\u00a0\u00bb button_two_border_radius=\u00a0\u00bb0px\u00a0\u00bb button_two_letter_spacing=\u00a0\u00bb1px\u00a0\u00bb button_two_font=\u00a0\u00bbLato|700|||||||\u00a0\u00bb button_two_use_icon=\u00a0\u00bboff\u00a0\u00bb width=\u00a0\u00bb100%\u00a0\u00bb min_height=\u00a0\u00bb100px\u00a0\u00bb height=\u00a0\u00bb100px\u00a0\u00bb max_height=\u00a0\u00bb100px\u00a0\u00bb custom_margin=\u00a0\u00bb|||\u00a0\u00bb custom_padding=\u00a0\u00bb2%||8%||false|false\u00a0\u00bb text_shadow_style=\u00a0\u00bbpreset3&Prime; button_one_letter_spacing_hover=\u00a0\u00bb1px\u00a0\u00bb button_two_letter_spacing_hover=\u00a0\u00bb1px\u00a0\u00bb locked=\u00a0\u00bboff\u00a0\u00bb button_one_text_size__hover_enabled=\u00a0\u00bboff\u00a0\u00bb button_two_text_size__hover_enabled=\u00a0\u00bboff\u00a0\u00bb button_one_text_color__hover_enabled=\u00a0\u00bboff\u00a0\u00bb button_two_text_color__hover_enabled=\u00a0\u00bboff\u00a0\u00bb button_one_border_width__hover_enabled=\u00a0\u00bboff\u00a0\u00bb button_two_border_width__hover_enabled=\u00a0\u00bboff\u00a0\u00bb button_one_border_color__hover_enabled=\u00a0\u00bboff\u00a0\u00bb button_two_border_color__hover_enabled=\u00a0\u00bboff\u00a0\u00bb button_one_border_radius__hover_enabled=\u00a0\u00bboff\u00a0\u00bb button_two_border_radius__hover_enabled=\u00a0\u00bboff\u00a0\u00bb button_one_letter_spacing__hover_enabled=\u00a0\u00bbon\u00a0\u00bb button_one_letter_spacing__hover=\u00a0\u00bb1px\u00a0\u00bb button_two_letter_spacing__hover_enabled=\u00a0\u00bbon\u00a0\u00bb button_two_letter_spacing__hover=\u00a0\u00bb1px\u00a0\u00bb button_one_bg_color__hover_enabled=\u00a0\u00bboff\u00a0\u00bb button_two_bg_color__hover_enabled=\u00a0\u00bboff\u00a0\u00bb][\/et_pb_fullwidth_header][\/et_pb_section][et_pb_section fb_built=\u00a0\u00bb1&Prime; _builder_version=\u00a0\u00bb4.9.0&Prime; background_color=\u00a0\u00bb#f7f7f7&Prime; custom_padding=\u00a0\u00bb19px||100px||false|false\u00a0\u00bb][et_pb_row _builder_version=\u00a0\u00bb4.9.0&Prime; _module_preset=\u00a0\u00bbdefault\u00a0\u00bb][et_pb_column type=\u00a0\u00bb4_4&Prime; _builder_version=\u00a0\u00bb4.9.0&Prime; _module_preset=\u00a0\u00bbdefault\u00a0\u00bb][et_pb_team_member name=\u00a0\u00bbEddine ARIZTEGUI\u00a0\u00bb position=\u00a0\u00bb24e Adjoint au maire, d\u00e9l\u00e9gu\u00e9 au Bien-\u00eatre animal\u00a0\u00bb image_url=\u00a0\u00bbhttp:\/\/choisirlecologie.fr\/wp-content\/uploads\/2021\/02\/ARRIZTEGUI_Eddine.jpg\u00a0\u00bb use_icon_font_size=\u00a0\u00bbon\u00a0\u00bb icon_font_size=\u00a0\u00bb24px\u00a0\u00bb _builder_version=\u00a0\u00bb4.9.0&Prime; _module_preset=\u00a0\u00bbdefault\u00a0\u00bb header_level=\u00a0\u00bbh1&Prime; position_text_color=\u00a0\u00bb#000000&Prime; position_font_size=\u00a0\u00bb15px\u00a0\u00bb box_shadow_style_image=\u00a0\u00bbpreset1&Prime; custom_padding=\u00a0\u00bb||0px|||\u00a0\u00bb]<\/p>\n<p>D\u00e9tail de la d\u00e9l\u00e9gation:<\/p>\n<ul>\n<li>Politique de l&rsquo;animal en Ville\u00a0: bien-\u00eatre animal, politique de r\u00e9gulation et de contr\u00f4le sanitaire<\/li>\n<li>Parc zoologique<\/li>\n<li>H\u00f4pital de la faune sauvage locale<\/li>\n<\/ul>\n<p><a href=\"http:\/\/choisirlecologie.fr\/elu-es\/eddine-ariztegui\/bilan-deddine-ariztegui\"><strong>Son Bilan<\/strong><\/a><\/p>\n<p><strong><a href=\"http:\/\/choisirlecologie.fr\/?s=eddine+ariztegui\">Ses Actualit\u00e9s<\/a><\/strong><\/p>\n<p>[\/et_pb_team_member][\/et_pb_column][\/et_pb_row][et_pb_row _builder_version=\u00a0\u00bb4.9.0&Prime; _module_preset=\u00a0\u00bbdefault\u00a0\u00bb][et_pb_column type=\u00a0\u00bb4_4&Prime; _builder_version=\u00a0\u00bb4.9.0&Prime; _module_preset=\u00a0\u00bbdefault\u00a0\u00bb][et_pb_testimonial portrait_url=\u00a0\u00bbhttp:\/\/choisirlecologie.fr\/wp-content\/uploads\/2021\/02\/ARRIZTEGUI_Eddine.jpg\u00a0\u00bb _builder_version=\u00a0\u00bb4.9.0&Prime; _module_preset=\u00a0\u00bbdefault\u00a0\u00bb]<\/p>\n<h3>\u00ab\u00a0On peut juger de la grandeur d\u2019une nation par sa fa\u00e7on de traiter les animaux\u00a0\u00bb<\/h3>\n<h3>Ghandi<\/h3>\n<p>[\/et_pb_testimonial][\/et_pb_column][\/et_pb_row][et_pb_row _builder_version=\u00a0\u00bb4.9.0&Prime; _module_preset=\u00a0\u00bbdefault\u00a0\u00bb][et_pb_column type=\u00a0\u00bb4_4&Prime; _builder_version=\u00a0\u00bb4.9.0&Prime; _module_preset=\u00a0\u00bbdefault\u00a0\u00bb][et_pb_text _builder_version=\u00a0\u00bb4.9.0&Prime; _module_preset=\u00a0\u00bbdefault\u00a0\u00bb]<\/p>\n<h1><strong>Biographie<\/strong><\/h1>\n<p>33 ans<br \/>\nQuartier : Centre historique &#8211; Com\u00e9die<\/p>\n<p>Militant et b\u00e9n\u00e9vole depuis 10 ans dans des associations \u0153uvrant dans la d\u00e9fense des Droits animaux et dans l\u2019aide envers les personnes \u00e2g\u00e9es en pr\u00e9carit\u00e9 sociale, je suis investi aupr\u00e8s du Parti Animaliste depuis sa cr\u00e9ation.<\/p>\n<p>Dans le pass\u00e9, j&rsquo;ai occup\u00e9 diff\u00e9rentes fonctions au sein du Parti Animaliste : secr\u00e9taire r\u00e9gional pour la r\u00e9gion Sud-Ouest (de Montpellier \u00e0 Bordeaux) puis Co-pr\u00e9sident et membre du Bureau national. J&rsquo;ai \u00e9galement \u00e9t\u00e9 candidat \u00e0 toutes les \u00e9lections auxquelles le Parti Animaliste s\u2019est pr\u00e9sent\u00e9 : \u00e9lections L\u00e9gislatives (2\u00e8me circoncscription de l\u2019H\u00e9rault) en 2017, S\u00e9natoriales (sur Paris) en 2017, et Europ\u00e9ennes en 2019.<\/p>\n<p>Dipl\u00f4m\u00e9 de deux Masters en Relations internationales et en Ressources humaines, je suis cadre RH. Ayant occup\u00e9 la fonction de responsable d\u2019une \u00e9quipe en ressources humaines, je conseille aujourd\u2019hui les managers.<\/p>\n<p>[\/et_pb_text][\/et_pb_column][\/et_pb_row][et_pb_row _builder_version=\u00a0\u00bb4.9.0&Prime; _module_preset=\u00a0\u00bbdefault\u00a0\u00bb][et_pb_column type=\u00a0\u00bb4_4&Prime; _builder_version=\u00a0\u00bb4.9.0&Prime; _module_preset=\u00a0\u00bbdefault\u00a0\u00bb][et_pb_text _builder_version=\u00a0\u00bb4.9.0&Prime; _module_preset=\u00a0\u00bbdefault\u00a0\u00bb]<\/p>\n<h1>Les 12 \u00e9lu-es du groupe<\/h1>\n<p>This template is only available on the pro version.<\/p>\n<p>[\/et_pb_text][\/et_pb_column][\/et_pb_row][\/et_pb_section][et_pb_section fb_built=\u00a0\u00bb1&Prime; admin_label=\u00a0\u00bbNewsletter Section\u00a0\u00bb _builder_version=\u00a0\u00bb3.22&Prime; background_color=\u00a0\u00bb#f7f7f7&Prime; background_image=\u00a0\u00bbhttp:\/\/choisirlecologie.fr\/wp-content\/uploads\/2021\/02\/background-texture.png\u00a0\u00bb parallax=\u00a0\u00bbon\u00a0\u00bb custom_padding=\u00a0\u00bb54px||140px|\u00a0\u00bb global_module=\u00a0\u00bb72&Prime; saved_tabs=\u00a0\u00bball\u00a0\u00bb][et_pb_row admin_label=\u00a0\u00bbNewsletter Area\u00a0\u00bb _builder_version=\u00a0\u00bb3.25&Prime; locked=\u00a0\u00bboff\u00a0\u00bb][et_pb_column type=\u00a0\u00bb4_4&Prime; _builder_version=\u00a0\u00bb3.25&Prime; custom_padding=\u00a0\u00bb|||\u00a0\u00bb custom_padding__hover=\u00a0\u00bb|||\u00a0\u00bb][et_pb_signup provider=\u00a0\u00bbsendinblue\u00a0\u00bb sendinblue_list=\u00a0\u00bbmontpellier@eelvfr|65&Prime; name_field=\u00a0\u00bbon\u00a0\u00bb success_message=\u00a0\u00bbMerci pour votre inscription !\u00a0\u00bb title=\u00a0\u00bbInscrivez vous \u00e0 notre lettre d&rsquo;information !\u00a0\u00bb button_text=\u00a0\u00bbJe m&rsquo;inscris !\u00a0\u00bb description=\u00a0\u00bb<\/p>\n<p>Tenez-vous inform\u00e9-e des derni\u00e8res actualit\u00e9s des \u00e9lu-es du groupe %22Choisir l&rsquo;\u00e9cologie pour Montpellier%22<\/p>\n<p>\u00a0\u00bb admin_label=\u00a0\u00bbEmail Option\u00a0\u00bb _builder_version=\u00a0\u00bb4.9.0&Prime; header_font=\u00a0\u00bbLato||||||||\u00a0\u00bb header_font_size=\u00a0\u00bb36px\u00a0\u00bb header_line_height=\u00a0\u00bb1.5em\u00a0\u00bb body_font=\u00a0\u00bb||||||||\u00a0\u00bb body_font_size=\u00a0\u00bb16px\u00a0\u00bb body_line_height=\u00a0\u00bb1.8em\u00a0\u00bb result_message_font=\u00a0\u00bb||||||||\u00a0\u00bb background_color=\u00a0\u00bb#7ab41d\u00a0\u00bb custom_button=\u00a0\u00bbon\u00a0\u00bb button_text_size=\u00a0\u00bb26px\u00a0\u00bb button_text_color=\u00a0\u00bb#FFFFFF\u00a0\u00bb button_bg_color=\u00a0\u00bb#7ab41d\u00a0\u00bb button_border_width=\u00a0\u00bb2px\u00a0\u00bb button_border_color=\u00a0\u00bb#FFFFFF\u00a0\u00bb button_border_radius=\u00a0\u00bb0px\u00a0\u00bb button_letter_spacing=\u00a0\u00bb1px\u00a0\u00bb button_font=\u00a0\u00bbLato|700|||||||\u00a0\u00bb background_layout=\u00a0\u00bblight\u00a0\u00bb box_shadow_style=\u00a0\u00bbpreset2&Prime; box_shadow_blur=\u00a0\u00bb31px\u00a0\u00bb button_letter_spacing_hover=\u00a0\u00bb0&Prime; button_text_size__hover_enabled=\u00a0\u00bboff\u00a0\u00bb button_one_text_size__hover_enabled=\u00a0\u00bboff\u00a0\u00bb button_two_text_size__hover_enabled=\u00a0\u00bboff\u00a0\u00bb button_text_color__hover_enabled=\u00a0\u00bboff\u00a0\u00bb button_one_text_color__hover_enabled=\u00a0\u00bboff\u00a0\u00bb button_two_text_color__hover_enabled=\u00a0\u00bboff\u00a0\u00bb button_border_width__hover_enabled=\u00a0\u00bboff\u00a0\u00bb button_one_border_width__hover_enabled=\u00a0\u00bboff\u00a0\u00bb button_two_border_width__hover_enabled=\u00a0\u00bboff\u00a0\u00bb button_border_color__hover_enabled=\u00a0\u00bboff\u00a0\u00bb button_one_border_color__hover_enabled=\u00a0\u00bboff\u00a0\u00bb button_two_border_color__hover_enabled=\u00a0\u00bboff\u00a0\u00bb button_border_radius__hover_enabled=\u00a0\u00bboff\u00a0\u00bb button_one_border_radius__hover_enabled=\u00a0\u00bboff\u00a0\u00bb button_two_border_radius__hover_enabled=\u00a0\u00bboff\u00a0\u00bb button_letter_spacing__hover_enabled=\u00a0\u00bbon\u00a0\u00bb button_letter_spacing__hover=\u00a0\u00bb0&Prime; button_one_letter_spacing__hover_enabled=\u00a0\u00bboff\u00a0\u00bb button_two_letter_spacing__hover_enabled=\u00a0\u00bboff\u00a0\u00bb button_bg_color__hover_enabled=\u00a0\u00bboff\u00a0\u00bb button_one_bg_color__hover_enabled=\u00a0\u00bboff\u00a0\u00bb button_two_bg_color__hover_enabled=\u00a0\u00bboff\u00a0\u00bb][\/et_pb_signup][\/et_pb_column][\/et_pb_row][\/et_pb_section]<\/p>\n","protected":false},"excerpt":{"rendered":"<p>D\u00e9tail de la d\u00e9l\u00e9gation: Politique de l&rsquo;animal en Ville\u00a0: bien-\u00eatre animal, politique de r\u00e9gulation et de contr\u00f4le sanitaire Parc zoologique H\u00f4pital de la faune sauvage locale Son Bilan Ses Actualit\u00e9s \u00ab\u00a0On peut juger de la grandeur d\u2019une nation par sa fa\u00e7on de traiter les animaux\u00a0\u00bb Ghandi Biographie 33 ans Quartier : Centre historique &#8211; Com\u00e9die [&hellip;]<\/p>\n","protected":false},"author":1,"featured_media":0,"parent":10025,"menu_order":0,"comment_status":"closed","ping_status":"closed","template":"","meta":{"_et_pb_use_builder":"on","_et_pb_old_content":"","_et_gb_content_width":"","footnotes":""},"class_list":["post-10254","page","type-page","status-publish","hentry"],"_links":{"self":[{"href":"https:\/\/choisirlecologie.fr\/bienvenue\/wp-json\/wp\/v2\/pages\/10254","targetHints":{"allow":["GET"]}}],"collection":[{"href":"https:\/\/choisirlecologie.fr\/bienvenue\/wp-json\/wp\/v2\/pages"}],"about":[{"href":"https:\/\/choisirlecologie.fr\/bienvenue\/wp-json\/wp\/v2\/types\/page"}],"author":[{"embeddable":true,"href":"https:\/\/choisirlecologie.fr\/bienvenue\/wp-json\/wp\/v2\/users\/1"}],"replies":[{"embeddable":true,"href":"https:\/\/choisirlecologie.fr\/bienvenue\/wp-json\/wp\/v2\/comments?post=10254"}],"version-history":[{"count":12,"href":"https:\/\/choisirlecologie.fr\/bienvenue\/wp-json\/wp\/v2\/pages\/10254\/revisions"}],"predecessor-version":[{"id":12490,"href":"https:\/\/choisirlecologie.fr\/bienvenue\/wp-json\/wp\/v2\/pages\/10254\/revisions\/12490"}],"up":[{"embeddable":true,"href":"https:\/\/choisirlecologie.fr\/bienvenue\/wp-json\/wp\/v2\/pages\/10025"}],"wp:attachment":[{"href":"https:\/\/choisirlecologie.fr\/bienvenue\/wp-json\/wp\/v2\/media?parent=10254"}],"curies":[{"name":"wp","href":"https:\/\/api.w.org\/{rel}","templated":true}]}}