{"id":10244,"date":"2021-02-15T09:34:44","date_gmt":"2021-02-15T09:34:44","guid":{"rendered":"http:\/\/choisirlecologie.fr\/?page_id=10244"},"modified":"2022-10-07T09:25:48","modified_gmt":"2022-10-07T09:25:48","slug":"radia-tikouk","status":"publish","type":"page","link":"https:\/\/choisirlecologie.fr\/bienvenue\/elu-es\/radia-tikouk","title":{"rendered":"Radia Tikouk"},"content":{"rendered":"<p>[et_pb_section fb_built=\u00a0\u00bb1&Prime; fullwidth=\u00a0\u00bbon\u00a0\u00bb _builder_version=\u00a0\u00bb3.22&Prime; animation_style=\u00a0\u00bbslide\u00a0\u00bb animation_direction=\u00a0\u00bbtop\u00a0\u00bb animation_intensity_slide=\u00a0\u00bb2%\u00a0\u00bb animation_starting_opacity=\u00a0\u00bb100%\u00a0\u00bb locked=\u00a0\u00bboff\u00a0\u00bb][et_pb_fullwidth_header title=\u00a0\u00bbRadia TIKOUK\u00a0\u00bb content_max_width=\u00a0\u00bb800px\u00a0\u00bb _builder_version=\u00a0\u00bb4.9.0&Prime; title_level=\u00a0\u00bbh2&Prime; title_font=\u00a0\u00bbLato||||||||\u00a0\u00bb title_font_size=\u00a0\u00bb60px\u00a0\u00bb title_line_height=\u00a0\u00bb1.2em\u00a0\u00bb content_font=\u00a0\u00bb||||||||\u00a0\u00bb content_font_size=\u00a0\u00bb20px\u00a0\u00bb content_line_height=\u00a0\u00bb1.8em\u00a0\u00bb background_color=\u00a0\u00bb#7ab41d\u00a0\u00bb background_color_gradient_direction=\u00a0\u00bb73deg\u00a0\u00bb background_enable_image=\u00a0\u00bboff\u00a0\u00bb custom_button_one=\u00a0\u00bbon\u00a0\u00bb button_one_text_size=\u00a0\u00bb18px\u00a0\u00bb button_one_bg_color=\u00a0\u00bb#02d002&Prime; button_one_border_width=\u00a0\u00bb8px\u00a0\u00bb button_one_border_color=\u00a0\u00bb#02d002&Prime; button_one_border_radius=\u00a0\u00bb0px\u00a0\u00bb button_one_letter_spacing=\u00a0\u00bb1px\u00a0\u00bb button_one_font=\u00a0\u00bbLato|700|||||||\u00a0\u00bb button_one_use_icon=\u00a0\u00bboff\u00a0\u00bb custom_button_two=\u00a0\u00bbon\u00a0\u00bb button_two_text_size=\u00a0\u00bb18px\u00a0\u00bb button_two_text_color=\u00a0\u00bb#353740&Prime; button_two_bg_color=\u00a0\u00bb#ffffff\u00a0\u00bb button_two_border_width=\u00a0\u00bb8px\u00a0\u00bb button_two_border_color=\u00a0\u00bb#ffffff\u00a0\u00bb button_two_border_radius=\u00a0\u00bb0px\u00a0\u00bb button_two_letter_spacing=\u00a0\u00bb1px\u00a0\u00bb button_two_font=\u00a0\u00bbLato|700|||||||\u00a0\u00bb button_two_use_icon=\u00a0\u00bboff\u00a0\u00bb width=\u00a0\u00bb100%\u00a0\u00bb min_height=\u00a0\u00bb100px\u00a0\u00bb height=\u00a0\u00bb100px\u00a0\u00bb max_height=\u00a0\u00bb100px\u00a0\u00bb custom_margin=\u00a0\u00bb|||\u00a0\u00bb custom_padding=\u00a0\u00bb2%||8%||false|false\u00a0\u00bb text_shadow_style=\u00a0\u00bbpreset3&Prime; button_one_letter_spacing_hover=\u00a0\u00bb1px\u00a0\u00bb button_two_letter_spacing_hover=\u00a0\u00bb1px\u00a0\u00bb locked=\u00a0\u00bboff\u00a0\u00bb button_one_text_size__hover_enabled=\u00a0\u00bboff\u00a0\u00bb button_two_text_size__hover_enabled=\u00a0\u00bboff\u00a0\u00bb button_one_text_color__hover_enabled=\u00a0\u00bboff\u00a0\u00bb button_two_text_color__hover_enabled=\u00a0\u00bboff\u00a0\u00bb button_one_border_width__hover_enabled=\u00a0\u00bboff\u00a0\u00bb button_two_border_width__hover_enabled=\u00a0\u00bboff\u00a0\u00bb button_one_border_color__hover_enabled=\u00a0\u00bboff\u00a0\u00bb button_two_border_color__hover_enabled=\u00a0\u00bboff\u00a0\u00bb button_one_border_radius__hover_enabled=\u00a0\u00bboff\u00a0\u00bb button_two_border_radius__hover_enabled=\u00a0\u00bboff\u00a0\u00bb button_one_letter_spacing__hover_enabled=\u00a0\u00bbon\u00a0\u00bb button_one_letter_spacing__hover=\u00a0\u00bb1px\u00a0\u00bb button_two_letter_spacing__hover_enabled=\u00a0\u00bbon\u00a0\u00bb button_two_letter_spacing__hover=\u00a0\u00bb1px\u00a0\u00bb button_one_bg_color__hover_enabled=\u00a0\u00bboff\u00a0\u00bb button_two_bg_color__hover_enabled=\u00a0\u00bboff\u00a0\u00bb][\/et_pb_fullwidth_header][\/et_pb_section][et_pb_section fb_built=\u00a0\u00bb1&Prime; _builder_version=\u00a0\u00bb4.9.0&Prime; background_color=\u00a0\u00bb#f7f7f7&Prime; custom_padding=\u00a0\u00bb19px||100px||false|false\u00a0\u00bb][et_pb_row _builder_version=\u00a0\u00bb4.9.0&Prime; _module_preset=\u00a0\u00bbdefault\u00a0\u00bb][et_pb_column type=\u00a0\u00bb4_4&Prime; _builder_version=\u00a0\u00bb4.9.0&Prime; _module_preset=\u00a0\u00bbdefault\u00a0\u00bb][et_pb_team_member name=\u00a0\u00bbRadia TIKOUK\u00a0\u00bb position=\u00a0\u00bb23e Adjointe au maire, d\u00e9l\u00e9gu\u00e9e au Quartier des C\u00e9vennes, et \u00e0 la Relation aux Usagers\u00a0\u00bb image_url=\u00a0\u00bbhttp:\/\/choisirlecologie.fr\/wp-content\/uploads\/2021\/02\/TIKOUK_Radia.jpg\u00a0\u00bb facebook_url=\u00a0\u00bbhttps:\/\/www.facebook.com\/radia.tikouk\u00a0\u00bb twitter_url=\u00a0\u00bbhttps:\/\/twitter.com\/Radia_Tikouk\u00a0\u00bb use_icon_font_size=\u00a0\u00bbon\u00a0\u00bb icon_font_size=\u00a0\u00bb24px\u00a0\u00bb _builder_version=\u00a0\u00bb4.9.0&Prime; _module_preset=\u00a0\u00bbdefault\u00a0\u00bb header_level=\u00a0\u00bbh1&Prime; position_text_color=\u00a0\u00bb#000000&Prime; position_font_size=\u00a0\u00bb15px\u00a0\u00bb box_shadow_style_image=\u00a0\u00bbpreset1&Prime;]<\/p>\n<h5>Conseill\u00e8re m\u00e9tropolitaine de Montpellier M\u00e9diterran\u00e9e M\u00e9tropole<\/h5>\n<p>Les d\u00e9l\u00e9gations qui m\u2019ont \u00e9t\u00e9 accord\u00e9es me donnent des responsabilit\u00e9s op\u00e9rationnelles auxquelles je m\u2019attache au quotidien dans les missions suivantes :<\/p>\n<ul>\n<li id=\"magicdomid1948\" class=\"ace-line\"><span class=\"author-a-rz81zlz85zcz81zvz67zjz79zxxsz78z0c\">Pr\u00e9sence active aupr\u00e8s des habitant-es sur le quartier tr\u00e8s difficile des C\u00e9vennes.<\/span><\/li>\n<li id=\"magicdomid1949\" class=\"ace-line\"><span class=\"author-a-rz81zlz85zcz81zvz67zjz79zxxsz78z0c\">Relations avec les comit\u00e9s de quartier et les associations.<\/span><\/li>\n<li id=\"magicdomid1950\" class=\"ace-line\"><span class=\"author-a-rz81zlz85zcz81zvz67zjz79zxxsz78z0c\">Participation au projet essentiel de l\u2019ANRU pour la requalification du quartier des C\u00e9vennes<\/span><\/li>\n<li id=\"magicdomid1952\" class=\"ace-line\"><span class=\"author-a-rz81zlz85zcz81zvz67zjz79zxxsz78z0c\">Cr\u00e9ation de la nouvelle salle des mariages \u00e0 l\u2019H\u00f4tel de Ville.<\/span><\/li>\n<li id=\"magicdomid1953\" class=\"ace-line\"><span class=\"author-a-rz81zlz85zcz81zvz67zjz79zxxsz78z0c\">Restructuration du hall de l\u2019H\u00f4tel de Ville.<\/span><\/li>\n<li id=\"magicdomid1955\" class=\"ace-line\"><span class=\"author-a-rz81zlz85zcz81zvz67zjz79zxxsz78z0c\">Projet \u00ab\u00a0Qualiville\u00a0\u00bb.<\/span><\/li>\n<li class=\"ace-line\"><span class=\"author-a-rz81zlz85zcz81zvz67zjz79zxxsz78z0c\">Mise en place du cimeti\u00e8re m\u00e9tropolitain.<\/span><\/li>\n<li id=\"magicdomid1956\" class=\"ace-line\"><span class=\"author-a-rz81zlz85zcz81zvz67zjz79zxxsz78z0c\">Organisation des \u00e9lections.<\/span><\/li>\n<\/ul>\n<p>Autres responsabilit\u00e9s:<\/p>\n<ul>\n<li id=\"magicdomid1957\" class=\"ace-line\"><span class=\"author-a-rz81zlz85zcz81zvz67zjz79zxxsz78z0c\">Membre de la Commission d&rsquo;Apple d&rsquo;Offre d\u2019ACM<\/span><\/li>\n<li id=\"magicdomid1958\" class=\"ace-line\"><span class=\"author-a-rz81zlz85zcz81zvz67zjz79zxxsz78z0c\">Participation \u00e0 la CTP.<\/span><\/li>\n<\/ul>\n<p><strong><a href=\"http:\/\/choisirlecologie.fr\/elu-es\/radia-tikouk\/bilan-de-radia-tikouk\">Son Bilan<\/a><\/strong><\/p>\n<p><a href=\"http:\/\/choisirlecologie.fr\/?s=radia+tikouk\"><strong>Ses Actualit\u00e9<\/strong>s<\/a><\/p>\n<p>[\/et_pb_team_member][\/et_pb_column][\/et_pb_row][et_pb_row _builder_version=\u00a0\u00bb4.9.0&Prime; _module_preset=\u00a0\u00bbdefault\u00a0\u00bb][et_pb_column type=\u00a0\u00bb4_4&Prime; _builder_version=\u00a0\u00bb4.9.0&Prime; _module_preset=\u00a0\u00bbdefault\u00a0\u00bb][et_pb_testimonial portrait_url=\u00a0\u00bbhttp:\/\/choisirlecologie.fr\/wp-content\/uploads\/2021\/02\/TIKOUK_Radia.jpg\u00a0\u00bb _builder_version=\u00a0\u00bb4.9.0&Prime; _module_preset=\u00a0\u00bbdefault\u00a0\u00bb]<\/p>\n<h4><span class=\"author-a-rz81zlz85zcz81zvz67zjz79zxxsz78z0c\">Ma feuille de route pour les 5 ann\u00e9es \u00e0 venir est trac\u00e9e. Il s\u2019agit principalement de mettre toute mon \u00e9nergie sur le quartier des C\u00e9vennes qui m\u00e9rite une attention toute particuli\u00e8re. Pour le reste, je serai mobilis\u00e9e sur toutes les missions li\u00e9es \u00e0 ma d\u00e9l\u00e9gation \u00ab\u00a0service \u00e0 la population\u00a0\u00bb montpelli\u00e9raine.<\/span><\/h4>\n<p>[\/et_pb_testimonial][\/et_pb_column][\/et_pb_row][et_pb_row _builder_version=\u00a0\u00bb4.9.0&Prime; _module_preset=\u00a0\u00bbdefault\u00a0\u00bb][et_pb_column type=\u00a0\u00bb4_4&Prime; _builder_version=\u00a0\u00bb4.9.0&Prime; _module_preset=\u00a0\u00bbdefault\u00a0\u00bb][et_pb_text _builder_version=\u00a0\u00bb4.9.0&Prime; _module_preset=\u00a0\u00bbdefault\u00a0\u00bb]<\/p>\n<h1><strong>Biographie<\/strong><\/h1>\n<p>49 ans<\/p>\n<p>Fonctionnaire territoriale, je suis m\u00e8re de deux enfants de 22 et 20 ans.<\/p>\n<p>Je suis de longue date dans le combat pour l\u2019\u00e9cologie. Dans un premier temps j\u2019ai d\u00e9fendu des positions sur l\u2019environnement avant de d\u00e9cider de m\u2019engager totalement pour l\u2019\u00e9cologie. J\u2019ai alors rejoint G\u00e9n\u00e9ration \u00c9cologie o\u00f9 je si\u00e8ge au Conseil National pour l\u2019Occitanie.<\/p>\n<p>\u00c0 ce titre j\u2019ai port\u00e9 les couleurs d\u2019Urgence \u00c9cologie qui regroupait les formations politiques G\u00e9n\u00e9ration \u00c9cologie, le Mouvement \u00c9cologiste Ind\u00e9pendant, le Mouvement des Progressistes et l\u2019Union des D\u00e9mocrates et des \u00c9cologistes. Nous appelions \u00e0 l\u2019action et au partage des id\u00e9es pour mettre fin \u00e0 la destruction du climat et du vivant pour construire une Europe de la r\u00e9silience.<\/p>\n<p>[\/et_pb_text][\/et_pb_column][\/et_pb_row][et_pb_row _builder_version=\u00a0\u00bb4.9.0&Prime; _module_preset=\u00a0\u00bbdefault\u00a0\u00bb][et_pb_column type=\u00a0\u00bb4_4&Prime; _builder_version=\u00a0\u00bb4.9.0&Prime; _module_preset=\u00a0\u00bbdefault\u00a0\u00bb][et_pb_text _builder_version=\u00a0\u00bb4.9.0&Prime; _module_preset=\u00a0\u00bbdefault\u00a0\u00bb]<\/p>\n<h1>Les 12 \u00e9lu-es du groupe<\/h1>\n<p>This template is only available on the pro version.<\/p>\n<p>[\/et_pb_text][\/et_pb_column][\/et_pb_row][\/et_pb_section][et_pb_section fb_built=\u00a0\u00bb1&Prime; admin_label=\u00a0\u00bbNewsletter Section\u00a0\u00bb _builder_version=\u00a0\u00bb3.22&Prime; background_color=\u00a0\u00bb#f7f7f7&Prime; background_image=\u00a0\u00bbhttp:\/\/choisirlecologie.fr\/wp-content\/uploads\/2021\/02\/background-texture.png\u00a0\u00bb parallax=\u00a0\u00bbon\u00a0\u00bb min_height=\u00a0\u00bb142.2px\u00a0\u00bb custom_margin=\u00a0\u00bb||96px|||\u00a0\u00bb custom_padding=\u00a0\u00bb54px||0px|||\u00a0\u00bb saved_tabs=\u00a0\u00bball\u00a0\u00bb][et_pb_row admin_label=\u00a0\u00bbNewsletter Area\u00a0\u00bb _builder_version=\u00a0\u00bb3.25&Prime; custom_margin=\u00a0\u00bb-133px|auto||auto||\u00a0\u00bb locked=\u00a0\u00bboff\u00a0\u00bb][et_pb_column type=\u00a0\u00bb4_4&Prime; _builder_version=\u00a0\u00bb3.25&Prime; custom_padding=\u00a0\u00bb|||\u00a0\u00bb custom_padding__hover=\u00a0\u00bb|||\u00a0\u00bb][et_pb_signup provider=\u00a0\u00bbsendinblue\u00a0\u00bb sendinblue_list=\u00a0\u00bbmontpellier@eelvfr|65&Prime; name_field=\u00a0\u00bbon\u00a0\u00bb title=\u00a0\u00bbInscrivez vous \u00e0 notre lettre d&rsquo;information\u00a0\u00bb button_text=\u00a0\u00bbJe m&rsquo;inscris !\u00a0\u00bb description=\u00a0\u00bb<\/p>\n<p>Tenez vous inform\u00e9 des derniers actualit\u00e9s du groupe d&rsquo;\u00e9lu-es Choisir l&rsquo;\u00e9cologie pour Montpellier<\/p>\n<p>\u00a0\u00bb admin_label=\u00a0\u00bbEmail Option\u00a0\u00bb _builder_version=\u00a0\u00bb4.9.0&Prime; header_font=\u00a0\u00bbLato||||||||\u00a0\u00bb header_font_size=\u00a0\u00bb36px\u00a0\u00bb header_line_height=\u00a0\u00bb1.5em\u00a0\u00bb body_font=\u00a0\u00bb||||||||\u00a0\u00bb body_font_size=\u00a0\u00bb16px\u00a0\u00bb body_line_height=\u00a0\u00bb1.8em\u00a0\u00bb result_message_font=\u00a0\u00bb||||||||\u00a0\u00bb background_enable_color=\u00a0\u00bboff\u00a0\u00bb use_background_color=\u00a0\u00bboff\u00a0\u00bb custom_button=\u00a0\u00bbon\u00a0\u00bb button_text_size=\u00a0\u00bb18px\u00a0\u00bb button_text_color=\u00a0\u00bb#ffffff\u00a0\u00bb button_bg_color=\u00a0\u00bb#7ab41d\u00a0\u00bb button_border_width=\u00a0\u00bb4px\u00a0\u00bb button_border_color=\u00a0\u00bb#02d002&Prime; button_border_radius=\u00a0\u00bb0px\u00a0\u00bb button_letter_spacing=\u00a0\u00bb1px\u00a0\u00bb button_font=\u00a0\u00bbLato|700|||||||\u00a0\u00bb background_layout=\u00a0\u00bblight\u00a0\u00bb button_letter_spacing_hover=\u00a0\u00bb0&Prime; button_text_size__hover_enabled=\u00a0\u00bboff\u00a0\u00bb button_one_text_size__hover_enabled=\u00a0\u00bboff\u00a0\u00bb button_two_text_size__hover_enabled=\u00a0\u00bboff\u00a0\u00bb button_text_color__hover_enabled=\u00a0\u00bboff\u00a0\u00bb button_one_text_color__hover_enabled=\u00a0\u00bboff\u00a0\u00bb button_two_text_color__hover_enabled=\u00a0\u00bboff\u00a0\u00bb button_border_width__hover_enabled=\u00a0\u00bboff\u00a0\u00bb button_one_border_width__hover_enabled=\u00a0\u00bboff\u00a0\u00bb button_two_border_width__hover_enabled=\u00a0\u00bboff\u00a0\u00bb button_border_color__hover_enabled=\u00a0\u00bboff\u00a0\u00bb button_one_border_color__hover_enabled=\u00a0\u00bboff\u00a0\u00bb button_two_border_color__hover_enabled=\u00a0\u00bboff\u00a0\u00bb button_border_radius__hover_enabled=\u00a0\u00bboff\u00a0\u00bb button_one_border_radius__hover_enabled=\u00a0\u00bboff\u00a0\u00bb button_two_border_radius__hover_enabled=\u00a0\u00bboff\u00a0\u00bb button_letter_spacing__hover_enabled=\u00a0\u00bbon\u00a0\u00bb button_letter_spacing__hover=\u00a0\u00bb0&Prime; button_one_letter_spacing__hover_enabled=\u00a0\u00bboff\u00a0\u00bb button_two_letter_spacing__hover_enabled=\u00a0\u00bboff\u00a0\u00bb button_bg_color__hover_enabled=\u00a0\u00bboff\u00a0\u00bb button_one_bg_color__hover_enabled=\u00a0\u00bboff\u00a0\u00bb button_two_bg_color__hover_enabled=\u00a0\u00bboff\u00a0\u00bb][\/et_pb_signup][\/et_pb_column][\/et_pb_row][\/et_pb_section]<\/p>\n","protected":false},"excerpt":{"rendered":"<p>Conseill\u00e8re m\u00e9tropolitaine de Montpellier M\u00e9diterran\u00e9e M\u00e9tropole Les d\u00e9l\u00e9gations qui m\u2019ont \u00e9t\u00e9 accord\u00e9es me donnent des responsabilit\u00e9s op\u00e9rationnelles auxquelles je m\u2019attache au quotidien dans les missions suivantes : Pr\u00e9sence active aupr\u00e8s des habitant-es sur le quartier tr\u00e8s difficile des C\u00e9vennes. Relations avec les comit\u00e9s de quartier et les associations. Participation au projet essentiel de l\u2019ANRU pour [&hellip;]<\/p>\n","protected":false},"author":1,"featured_media":0,"parent":10025,"menu_order":0,"comment_status":"closed","ping_status":"closed","template":"","meta":{"_et_pb_use_builder":"on","_et_pb_old_content":"","_et_gb_content_width":"","footnotes":""},"class_list":["post-10244","page","type-page","status-publish","hentry"],"_links":{"self":[{"href":"https:\/\/choisirlecologie.fr\/bienvenue\/wp-json\/wp\/v2\/pages\/10244","targetHints":{"allow":["GET"]}}],"collection":[{"href":"https:\/\/choisirlecologie.fr\/bienvenue\/wp-json\/wp\/v2\/pages"}],"about":[{"href":"https:\/\/choisirlecologie.fr\/bienvenue\/wp-json\/wp\/v2\/types\/page"}],"author":[{"embeddable":true,"href":"https:\/\/choisirlecologie.fr\/bienvenue\/wp-json\/wp\/v2\/users\/1"}],"replies":[{"embeddable":true,"href":"https:\/\/choisirlecologie.fr\/bienvenue\/wp-json\/wp\/v2\/comments?post=10244"}],"version-history":[{"count":23,"href":"https:\/\/choisirlecologie.fr\/bienvenue\/wp-json\/wp\/v2\/pages\/10244\/revisions"}],"predecessor-version":[{"id":12494,"href":"https:\/\/choisirlecologie.fr\/bienvenue\/wp-json\/wp\/v2\/pages\/10244\/revisions\/12494"}],"up":[{"embeddable":true,"href":"https:\/\/choisirlecologie.fr\/bienvenue\/wp-json\/wp\/v2\/pages\/10025"}],"wp:attachment":[{"href":"https:\/\/choisirlecologie.fr\/bienvenue\/wp-json\/wp\/v2\/media?parent=10244"}],"curies":[{"name":"wp","href":"https:\/\/api.w.org\/{rel}","templated":true}]}}