{"id":10242,"date":"2021-02-15T09:34:05","date_gmt":"2021-02-15T09:34:05","guid":{"rendered":"http:\/\/choisirlecologie.fr\/?page_id=10242"},"modified":"2022-10-07T09:48:39","modified_gmt":"2022-10-07T09:48:39","slug":"fatma-nakib","status":"publish","type":"page","link":"https:\/\/choisirlecologie.fr\/bienvenue\/elu-es\/fatma-nakib","title":{"rendered":"Fatma Nakib"},"content":{"rendered":"<p>[et_pb_section fb_built=\u00a0\u00bb1&Prime; fullwidth=\u00a0\u00bbon\u00a0\u00bb _builder_version=\u00a0\u00bb3.22&Prime; animation_style=\u00a0\u00bbslide\u00a0\u00bb animation_direction=\u00a0\u00bbtop\u00a0\u00bb animation_intensity_slide=\u00a0\u00bb2%\u00a0\u00bb animation_starting_opacity=\u00a0\u00bb100%\u00a0\u00bb locked=\u00a0\u00bboff\u00a0\u00bb][et_pb_fullwidth_header title=\u00a0\u00bbFatma NAKIB\u00a0\u00bb content_max_width=\u00a0\u00bb800px\u00a0\u00bb _builder_version=\u00a0\u00bb4.9.0&Prime; title_level=\u00a0\u00bbh2&Prime; title_font=\u00a0\u00bbLato||||||||\u00a0\u00bb title_font_size=\u00a0\u00bb60px\u00a0\u00bb title_line_height=\u00a0\u00bb1.2em\u00a0\u00bb content_font=\u00a0\u00bb||||||||\u00a0\u00bb content_font_size=\u00a0\u00bb20px\u00a0\u00bb content_line_height=\u00a0\u00bb1.8em\u00a0\u00bb background_color=\u00a0\u00bb#7ab41d\u00a0\u00bb background_color_gradient_direction=\u00a0\u00bb73deg\u00a0\u00bb background_enable_image=\u00a0\u00bboff\u00a0\u00bb custom_button_one=\u00a0\u00bbon\u00a0\u00bb button_one_text_size=\u00a0\u00bb18px\u00a0\u00bb button_one_bg_color=\u00a0\u00bb#02d002&Prime; button_one_border_width=\u00a0\u00bb8px\u00a0\u00bb button_one_border_color=\u00a0\u00bb#02d002&Prime; button_one_border_radius=\u00a0\u00bb0px\u00a0\u00bb button_one_letter_spacing=\u00a0\u00bb1px\u00a0\u00bb button_one_font=\u00a0\u00bbLato|700|||||||\u00a0\u00bb button_one_use_icon=\u00a0\u00bboff\u00a0\u00bb custom_button_two=\u00a0\u00bbon\u00a0\u00bb button_two_text_size=\u00a0\u00bb18px\u00a0\u00bb button_two_text_color=\u00a0\u00bb#353740&Prime; button_two_bg_color=\u00a0\u00bb#ffffff\u00a0\u00bb button_two_border_width=\u00a0\u00bb8px\u00a0\u00bb button_two_border_color=\u00a0\u00bb#ffffff\u00a0\u00bb button_two_border_radius=\u00a0\u00bb0px\u00a0\u00bb button_two_letter_spacing=\u00a0\u00bb1px\u00a0\u00bb button_two_font=\u00a0\u00bbLato|700|||||||\u00a0\u00bb button_two_use_icon=\u00a0\u00bboff\u00a0\u00bb width=\u00a0\u00bb100%\u00a0\u00bb min_height=\u00a0\u00bb100px\u00a0\u00bb height=\u00a0\u00bb100px\u00a0\u00bb max_height=\u00a0\u00bb100px\u00a0\u00bb custom_margin=\u00a0\u00bb|||\u00a0\u00bb custom_padding=\u00a0\u00bb2%||8%||false|false\u00a0\u00bb text_shadow_style=\u00a0\u00bbpreset3&Prime; button_one_letter_spacing_hover=\u00a0\u00bb1px\u00a0\u00bb button_two_letter_spacing_hover=\u00a0\u00bb1px\u00a0\u00bb locked=\u00a0\u00bboff\u00a0\u00bb button_one_text_size__hover_enabled=\u00a0\u00bboff\u00a0\u00bb button_two_text_size__hover_enabled=\u00a0\u00bboff\u00a0\u00bb button_one_text_color__hover_enabled=\u00a0\u00bboff\u00a0\u00bb button_two_text_color__hover_enabled=\u00a0\u00bboff\u00a0\u00bb button_one_border_width__hover_enabled=\u00a0\u00bboff\u00a0\u00bb button_two_border_width__hover_enabled=\u00a0\u00bboff\u00a0\u00bb button_one_border_color__hover_enabled=\u00a0\u00bboff\u00a0\u00bb button_two_border_color__hover_enabled=\u00a0\u00bboff\u00a0\u00bb button_one_border_radius__hover_enabled=\u00a0\u00bboff\u00a0\u00bb button_two_border_radius__hover_enabled=\u00a0\u00bboff\u00a0\u00bb button_one_letter_spacing__hover_enabled=\u00a0\u00bbon\u00a0\u00bb button_one_letter_spacing__hover=\u00a0\u00bb1px\u00a0\u00bb button_two_letter_spacing__hover_enabled=\u00a0\u00bbon\u00a0\u00bb button_two_letter_spacing__hover=\u00a0\u00bb1px\u00a0\u00bb button_one_bg_color__hover_enabled=\u00a0\u00bboff\u00a0\u00bb button_two_bg_color__hover_enabled=\u00a0\u00bboff\u00a0\u00bb][\/et_pb_fullwidth_header][\/et_pb_section][et_pb_section fb_built=\u00a0\u00bb1&Prime; _builder_version=\u00a0\u00bb4.9.0&Prime; background_color=\u00a0\u00bb#f7f7f7&Prime; custom_padding=\u00a0\u00bb19px||100px||false|false\u00a0\u00bb][et_pb_row _builder_version=\u00a0\u00bb4.9.0&Prime; _module_preset=\u00a0\u00bbdefault\u00a0\u00bb custom_padding=\u00a0\u00bb||129px|||\u00a0\u00bb][et_pb_column type=\u00a0\u00bb4_4&Prime; _builder_version=\u00a0\u00bb4.9.0&Prime; _module_preset=\u00a0\u00bbdefault\u00a0\u00bb][et_pb_team_member name=\u00a0\u00bbFatma NAKIB\u00a0\u00bb position=\u00a0\u00bb17e Adjointe au maire, d\u00e9l\u00e9gu\u00e9e \u00e0 l&rsquo;\u00c9galit\u00e9 et aux Droits des femmes\u00a0\u00bb image_url=\u00a0\u00bbhttp:\/\/choisirlecologie.fr\/wp-content\/uploads\/2021\/02\/NAKIB_Fatma.jpg\u00a0\u00bb use_icon_font_size=\u00a0\u00bbon\u00a0\u00bb icon_font_size=\u00a0\u00bb24px\u00a0\u00bb _builder_version=\u00a0\u00bb4.9.0&Prime; _module_preset=\u00a0\u00bbdefault\u00a0\u00bb header_level=\u00a0\u00bbh1&Prime; position_text_color=\u00a0\u00bb#000000&Prime; position_font_size=\u00a0\u00bb15px\u00a0\u00bb box_shadow_style_image=\u00a0\u00bbpreset1&Prime;]<\/p>\n<p>osnss<\/p>\n<p>ctMs mesMembre du conseil d&rsquo;administration du CCAS<br \/>\nMembre du bureau du Festival CINEMED<br \/>\nMembre du\u00a0conseil d&rsquo;administration du Festival Radio France Occitanie Montpellier<br \/>\nMembre du\u00a0conseil d&rsquo;administration du MOCO<\/p>\n<p>D\u00e9tail de la d\u00e9l\u00e9gation d&rsquo;adjointe :<\/p>\n<ul>\n<li>Lutte contre les discriminations<\/li>\n<li>D\u00e9fense des valeurs de la R\u00e9publique<\/li>\n<li>Egalit\u00e9 femmes\/hommes et droits des femmes<\/li>\n<li>Lutte contre les violences faites aux femmes<\/li>\n<\/ul>\n<div id=\"magicdomid201\"><\/div>\n<div id=\"magicdomid202\">Durant ce mandat, ma mission consistera \u00e0:<\/div>\n<div id=\"magicdomid203\">&#8211; Lutter contre toute forme de discrimination;<\/div>\n<div id=\"magicdomid204\">&#8211; D\u00e9fendre avec force les valeurs de la R\u00e9publique;<\/div>\n<div id=\"magicdomid205\">&#8211; Inscrire l\u2019\u00e9galit\u00e9 femmes-hommes et les droits des femmes au c\u0153ur de chacune de nos actions;<\/div>\n<div id=\"magicdomid206\">&#8211; Lutter sans rel\u00e2che contre les violences faites aux femmes, et pour la prise en compte des difficult\u00e9s rencontr\u00e9es par les familles monoparentales, en grande majorit\u00e9 f\u00e9minines;<\/div>\n<div id=\"magicdomid207\">&#8211; Travailler \u00e0 l\u2019exemplarit\u00e9 de notre collectivit\u00e9 en mati\u00e8re d\u2019\u00e9galit\u00e9 femme-homme et de lutte contre les discriminations,<\/div>\n<div id=\"magicdomid208\">&#8211; Renforcer les actions en mati\u00e8re de pr\u00e9vention des discriminations dans les Quartiers Prioritaires de la Ville (QPV).<\/div>\n<div><\/div>\n<div id=\"magicdomid209\"><\/div>\n<div><\/div>\n<div><\/div>\n<div><\/div>\n<div><strong><a href=\"http:\/\/choisirlecologie.fr\/elu-es\/fatma-nakib\/bilan-de-fatma-nakib\">Son Bilan<\/a><\/strong><\/div>\n<div><\/div>\n<div><a href=\"http:\/\/choisirlecologie.fr\/?s=fatma+nakib\"><strong>Ses Actualit\u00e9s<\/strong><\/a><\/div>\n<div><\/div>\n<div><\/div>\n<p>[\/et_pb_team_member][\/et_pb_column][\/et_pb_row][et_pb_row _builder_version=\u00a0\u00bb4.9.0&Prime; _module_preset=\u00a0\u00bbdefault\u00a0\u00bb][et_pb_column type=\u00a0\u00bb4_4&Prime; _builder_version=\u00a0\u00bb4.9.0&Prime; _module_preset=\u00a0\u00bbdefault\u00a0\u00bb][et_pb_testimonial portrait_url=\u00a0\u00bbhttp:\/\/choisirlecologie.fr\/wp-content\/uploads\/2021\/02\/NAKIB_Fatma.jpg\u00a0\u00bb _builder_version=\u00a0\u00bb4.9.0&Prime; _module_preset=\u00a0\u00bbdefault\u00a0\u00bb]<\/p>\n<p><em>Qui pourrait affirmer que nos soci\u00e9t\u00e9s sont d\u00e9sormais \u00e9galitaires? Que la question est r\u00e9gl\u00e9e, que les femmes jouissent d\u2019un statut \u00e9quivalant \u00e0 celui des hommes, qu\u2019elles ne sont pas sous-sujets, sous-citoyennes, sous-repr\u00e9sent\u00e9es dans les instances d\u00e9cisionnelles? Avez-vous vu les photos de la table des n\u00e9gociations sur les retraites \u00e0 Matignon? Ou celles des discussions de paix sur la Syrie, l\u2019Irak, l\u2019Afghanistan? Des hommes, des hommes, des hommes. En 2020. C\u2019est consternant.<\/em><\/p>\n<p>Une farouche libert\u00e9 (2020) de Gis\u00e8le Halimi<\/p>\n<p>[\/et_pb_testimonial][\/et_pb_column][\/et_pb_row][et_pb_row _builder_version=\u00a0\u00bb4.9.0&Prime; _module_preset=\u00a0\u00bbdefault\u00a0\u00bb][et_pb_column type=\u00a0\u00bb4_4&Prime; _builder_version=\u00a0\u00bb4.9.0&Prime; _module_preset=\u00a0\u00bbdefault\u00a0\u00bb][et_pb_text _builder_version=\u00a0\u00bb4.9.0&Prime; _module_preset=\u00a0\u00bbdefault\u00a0\u00bb]<\/p>\n<h1>Biographie<\/h1>\n<p>50 ans<br \/>\nQuartier : Centre historique &#8211; Com\u00e9die<\/p>\n<p>Engag\u00e9e professionnellement et politiquement dans le secteur artistique et dans la culture en g\u00e9n\u00e9ral depuis 20 ans, j&rsquo;ai milit\u00e9 au sein de la F\u00e9d\u00e9ration des Arts de la Rue pour une meilleure prise en compte de l\u2019art dans l\u2019espace public. C\u2019est un militantisme ax\u00e9 sur l\u2019accessibilit\u00e9 de l\u2019art et des \u0153uvres, sur le respect des droits culturels de chacun, et, \u00e0 travers le d\u00e9ploiement de l\u2019art dans l\u2019espace public, un travail de r\u00e9sistance pour cr\u00e9er sans cesse des espaces de libert\u00e9 d\u2019expression et de maintien de nos libert\u00e9s individuelles. La question de la place des femmes dans l&rsquo;art et la culture est une revendication port\u00e9e par le monde associatif dans lequel j&rsquo;\u00e9volue depuis pr\u00e8s de 20 ans.<\/p>\n<p>Mon engagement dans la culture est un engagement politique, je pense que la culture est un instrument du changement des mentalit\u00e9s, et qu\u2019elle doit agir non pas au sein de politiques culturelles cloisonn\u00e9es, mais de fa\u00e7on transversale: pour que les questions artistiques soient aussi des questions urbanistiques, environnementales, sociales, \u00e9ducatives, \u00e9conomiques.<\/p>\n<p>J\u2019aborde les questions d\u2019\u00e9cologie et d\u2019\u00e9galit\u00e9 avec la m\u00eame exigence de transversalit\u00e9.<\/p>\n<p>Je suis engag\u00e9e aujourd\u2019hui dans la majorit\u00e9 municipale parce que je pense y \u00eatre utile, et que mon propre sentiment d\u2019urgence est de plus en plus fort. La soci\u00e9t\u00e9 doit \u00e9voluer dans son mode de vie, dans son mode de consommation, et je veux contribuer \u00e0 acc\u00e9l\u00e9rer cette transition indispensable.<\/p>\n<p>[\/et_pb_text][\/et_pb_column][\/et_pb_row][et_pb_row _builder_version=\u00a0\u00bb4.9.0&Prime; _module_preset=\u00a0\u00bbdefault\u00a0\u00bb][et_pb_column type=\u00a0\u00bb4_4&Prime; _builder_version=\u00a0\u00bb4.9.0&Prime; _module_preset=\u00a0\u00bbdefault\u00a0\u00bb][et_pb_text _builder_version=\u00a0\u00bb4.9.0&Prime; _module_preset=\u00a0\u00bbdefault\u00a0\u00bb]<\/p>\n<h1>Les 12 \u00e9lu-es du groupe<\/h1>\n<p>This template is only available on the pro version.<\/p>\n<p>[\/et_pb_text][\/et_pb_column][\/et_pb_row][\/et_pb_section][et_pb_section fb_built=\u00a0\u00bb1&Prime; admin_label=\u00a0\u00bbNewsletter Section\u00a0\u00bb _builder_version=\u00a0\u00bb3.22&Prime; background_color=\u00a0\u00bb#f7f7f7&Prime; background_image=\u00a0\u00bbhttp:\/\/choisirlecologie.fr\/wp-content\/uploads\/2021\/02\/background-texture.png\u00a0\u00bb parallax=\u00a0\u00bbon\u00a0\u00bb custom_padding=\u00a0\u00bb54px||140px|\u00a0\u00bb global_module=\u00a0\u00bb72&Prime; saved_tabs=\u00a0\u00bball\u00a0\u00bb][et_pb_row admin_label=\u00a0\u00bbNewsletter Area\u00a0\u00bb _builder_version=\u00a0\u00bb3.25&Prime; locked=\u00a0\u00bboff\u00a0\u00bb][et_pb_column type=\u00a0\u00bb4_4&Prime; _builder_version=\u00a0\u00bb3.25&Prime; custom_padding=\u00a0\u00bb|||\u00a0\u00bb custom_padding__hover=\u00a0\u00bb|||\u00a0\u00bb][et_pb_signup provider=\u00a0\u00bbsendinblue\u00a0\u00bb sendinblue_list=\u00a0\u00bbmontpellier@eelvfr|65&Prime; name_field=\u00a0\u00bbon\u00a0\u00bb success_message=\u00a0\u00bbMerci pour votre inscription !\u00a0\u00bb title=\u00a0\u00bbInscrivez vous \u00e0 notre lettre d&rsquo;information !\u00a0\u00bb button_text=\u00a0\u00bbJe m&rsquo;inscris !\u00a0\u00bb description=\u00a0\u00bb<\/p>\n<p>Tenez-vous inform\u00e9-e des derni\u00e8res actualit\u00e9s des \u00e9lu-es du groupe %22Choisir l&rsquo;\u00e9cologie pour Montpellier%22<\/p>\n<p>\u00a0\u00bb admin_label=\u00a0\u00bbEmail Option\u00a0\u00bb _builder_version=\u00a0\u00bb4.9.0&Prime; header_font=\u00a0\u00bbLato||||||||\u00a0\u00bb header_font_size=\u00a0\u00bb36px\u00a0\u00bb header_line_height=\u00a0\u00bb1.5em\u00a0\u00bb body_font=\u00a0\u00bb||||||||\u00a0\u00bb body_font_size=\u00a0\u00bb16px\u00a0\u00bb body_line_height=\u00a0\u00bb1.8em\u00a0\u00bb result_message_font=\u00a0\u00bb||||||||\u00a0\u00bb background_color=\u00a0\u00bb#7ab41d\u00a0\u00bb custom_button=\u00a0\u00bbon\u00a0\u00bb button_text_size=\u00a0\u00bb26px\u00a0\u00bb button_text_color=\u00a0\u00bb#FFFFFF\u00a0\u00bb button_bg_color=\u00a0\u00bb#7ab41d\u00a0\u00bb button_border_width=\u00a0\u00bb2px\u00a0\u00bb button_border_color=\u00a0\u00bb#FFFFFF\u00a0\u00bb button_border_radius=\u00a0\u00bb0px\u00a0\u00bb button_letter_spacing=\u00a0\u00bb1px\u00a0\u00bb button_font=\u00a0\u00bbLato|700|||||||\u00a0\u00bb background_layout=\u00a0\u00bblight\u00a0\u00bb box_shadow_style=\u00a0\u00bbpreset2&Prime; box_shadow_blur=\u00a0\u00bb31px\u00a0\u00bb button_letter_spacing_hover=\u00a0\u00bb0&Prime; button_text_size__hover_enabled=\u00a0\u00bboff\u00a0\u00bb button_one_text_size__hover_enabled=\u00a0\u00bboff\u00a0\u00bb button_two_text_size__hover_enabled=\u00a0\u00bboff\u00a0\u00bb button_text_color__hover_enabled=\u00a0\u00bboff\u00a0\u00bb button_one_text_color__hover_enabled=\u00a0\u00bboff\u00a0\u00bb button_two_text_color__hover_enabled=\u00a0\u00bboff\u00a0\u00bb button_border_width__hover_enabled=\u00a0\u00bboff\u00a0\u00bb button_one_border_width__hover_enabled=\u00a0\u00bboff\u00a0\u00bb button_two_border_width__hover_enabled=\u00a0\u00bboff\u00a0\u00bb button_border_color__hover_enabled=\u00a0\u00bboff\u00a0\u00bb button_one_border_color__hover_enabled=\u00a0\u00bboff\u00a0\u00bb button_two_border_color__hover_enabled=\u00a0\u00bboff\u00a0\u00bb button_border_radius__hover_enabled=\u00a0\u00bboff\u00a0\u00bb button_one_border_radius__hover_enabled=\u00a0\u00bboff\u00a0\u00bb button_two_border_radius__hover_enabled=\u00a0\u00bboff\u00a0\u00bb button_letter_spacing__hover_enabled=\u00a0\u00bbon\u00a0\u00bb button_letter_spacing__hover=\u00a0\u00bb0&Prime; button_one_letter_spacing__hover_enabled=\u00a0\u00bboff\u00a0\u00bb button_two_letter_spacing__hover_enabled=\u00a0\u00bboff\u00a0\u00bb button_bg_color__hover_enabled=\u00a0\u00bboff\u00a0\u00bb button_one_bg_color__hover_enabled=\u00a0\u00bboff\u00a0\u00bb button_two_bg_color__hover_enabled=\u00a0\u00bboff\u00a0\u00bb][\/et_pb_signup][\/et_pb_column][\/et_pb_row][\/et_pb_section]<\/p>\n","protected":false},"excerpt":{"rendered":"<p>osnss ctMs mesMembre du conseil d&rsquo;administration du CCAS Membre du bureau du Festival CINEMED Membre du\u00a0conseil d&rsquo;administration du Festival Radio France Occitanie Montpellier Membre du\u00a0conseil d&rsquo;administration du MOCO D\u00e9tail de la d\u00e9l\u00e9gation d&rsquo;adjointe : Lutte contre les discriminations D\u00e9fense des valeurs de la R\u00e9publique Egalit\u00e9 femmes\/hommes et droits des femmes Lutte contre les violences faites [&hellip;]<\/p>\n","protected":false},"author":1,"featured_media":0,"parent":10025,"menu_order":0,"comment_status":"closed","ping_status":"closed","template":"","meta":{"_et_pb_use_builder":"on","_et_pb_old_content":"","_et_gb_content_width":"","footnotes":""},"class_list":["post-10242","page","type-page","status-publish","hentry"],"_links":{"self":[{"href":"https:\/\/choisirlecologie.fr\/bienvenue\/wp-json\/wp\/v2\/pages\/10242","targetHints":{"allow":["GET"]}}],"collection":[{"href":"https:\/\/choisirlecologie.fr\/bienvenue\/wp-json\/wp\/v2\/pages"}],"about":[{"href":"https:\/\/choisirlecologie.fr\/bienvenue\/wp-json\/wp\/v2\/types\/page"}],"author":[{"embeddable":true,"href":"https:\/\/choisirlecologie.fr\/bienvenue\/wp-json\/wp\/v2\/users\/1"}],"replies":[{"embeddable":true,"href":"https:\/\/choisirlecologie.fr\/bienvenue\/wp-json\/wp\/v2\/comments?post=10242"}],"version-history":[{"count":16,"href":"https:\/\/choisirlecologie.fr\/bienvenue\/wp-json\/wp\/v2\/pages\/10242\/revisions"}],"predecessor-version":[{"id":12504,"href":"https:\/\/choisirlecologie.fr\/bienvenue\/wp-json\/wp\/v2\/pages\/10242\/revisions\/12504"}],"up":[{"embeddable":true,"href":"https:\/\/choisirlecologie.fr\/bienvenue\/wp-json\/wp\/v2\/pages\/10025"}],"wp:attachment":[{"href":"https:\/\/choisirlecologie.fr\/bienvenue\/wp-json\/wp\/v2\/media?parent=10242"}],"curies":[{"name":"wp","href":"https:\/\/api.w.org\/{rel}","templated":true}]}}