{"id":10238,"date":"2021-02-15T09:32:58","date_gmt":"2021-02-15T09:32:58","guid":{"rendered":"http:\/\/choisirlecologie.fr\/?page_id=10238"},"modified":"2022-10-07T09:44:13","modified_gmt":"2022-10-07T09:44:13","slug":"bruno-paternot","status":"publish","type":"page","link":"https:\/\/choisirlecologie.fr\/bienvenue\/elu-es\/bruno-paternot","title":{"rendered":"Bruno Paternot"},"content":{"rendered":"<p>[et_pb_section fb_built=\u00a0\u00bb1&Prime; fullwidth=\u00a0\u00bbon\u00a0\u00bb _builder_version=\u00a0\u00bb3.22&Prime; animation_style=\u00a0\u00bbslide\u00a0\u00bb animation_direction=\u00a0\u00bbtop\u00a0\u00bb animation_intensity_slide=\u00a0\u00bb2%\u00a0\u00bb animation_starting_opacity=\u00a0\u00bb100%\u00a0\u00bb locked=\u00a0\u00bboff\u00a0\u00bb][et_pb_fullwidth_header title=\u00a0\u00bbBruno PATERNOT\u00a0\u00bb content_max_width=\u00a0\u00bb800px\u00a0\u00bb _builder_version=\u00a0\u00bb4.9.0&Prime; title_level=\u00a0\u00bbh2&Prime; title_font=\u00a0\u00bbLato||||||||\u00a0\u00bb title_font_size=\u00a0\u00bb60px\u00a0\u00bb title_line_height=\u00a0\u00bb1.2em\u00a0\u00bb content_font=\u00a0\u00bb||||||||\u00a0\u00bb content_font_size=\u00a0\u00bb20px\u00a0\u00bb content_line_height=\u00a0\u00bb1.8em\u00a0\u00bb background_color=\u00a0\u00bb#7ab41d\u00a0\u00bb background_color_gradient_direction=\u00a0\u00bb73deg\u00a0\u00bb background_enable_image=\u00a0\u00bboff\u00a0\u00bb custom_button_one=\u00a0\u00bbon\u00a0\u00bb button_one_text_size=\u00a0\u00bb18px\u00a0\u00bb button_one_bg_color=\u00a0\u00bb#02d002&Prime; button_one_border_width=\u00a0\u00bb8px\u00a0\u00bb button_one_border_color=\u00a0\u00bb#02d002&Prime; button_one_border_radius=\u00a0\u00bb0px\u00a0\u00bb button_one_letter_spacing=\u00a0\u00bb1px\u00a0\u00bb button_one_font=\u00a0\u00bbLato|700|||||||\u00a0\u00bb button_one_use_icon=\u00a0\u00bboff\u00a0\u00bb custom_button_two=\u00a0\u00bbon\u00a0\u00bb button_two_text_size=\u00a0\u00bb18px\u00a0\u00bb button_two_text_color=\u00a0\u00bb#353740&Prime; button_two_bg_color=\u00a0\u00bb#ffffff\u00a0\u00bb button_two_border_width=\u00a0\u00bb8px\u00a0\u00bb button_two_border_color=\u00a0\u00bb#ffffff\u00a0\u00bb button_two_border_radius=\u00a0\u00bb0px\u00a0\u00bb button_two_letter_spacing=\u00a0\u00bb1px\u00a0\u00bb button_two_font=\u00a0\u00bbLato|700|||||||\u00a0\u00bb button_two_use_icon=\u00a0\u00bboff\u00a0\u00bb width=\u00a0\u00bb100%\u00a0\u00bb min_height=\u00a0\u00bb100px\u00a0\u00bb height=\u00a0\u00bb100px\u00a0\u00bb max_height=\u00a0\u00bb100px\u00a0\u00bb custom_margin=\u00a0\u00bb|||\u00a0\u00bb custom_padding=\u00a0\u00bb2%||8%||false|false\u00a0\u00bb text_shadow_style=\u00a0\u00bbpreset3&Prime; button_one_letter_spacing_hover=\u00a0\u00bb1px\u00a0\u00bb button_two_letter_spacing_hover=\u00a0\u00bb1px\u00a0\u00bb locked=\u00a0\u00bboff\u00a0\u00bb button_one_text_size__hover_enabled=\u00a0\u00bboff\u00a0\u00bb button_two_text_size__hover_enabled=\u00a0\u00bboff\u00a0\u00bb button_one_text_color__hover_enabled=\u00a0\u00bboff\u00a0\u00bb button_two_text_color__hover_enabled=\u00a0\u00bboff\u00a0\u00bb button_one_border_width__hover_enabled=\u00a0\u00bboff\u00a0\u00bb button_two_border_width__hover_enabled=\u00a0\u00bboff\u00a0\u00bb button_one_border_color__hover_enabled=\u00a0\u00bboff\u00a0\u00bb button_two_border_color__hover_enabled=\u00a0\u00bboff\u00a0\u00bb button_one_border_radius__hover_enabled=\u00a0\u00bboff\u00a0\u00bb button_two_border_radius__hover_enabled=\u00a0\u00bboff\u00a0\u00bb button_one_letter_spacing__hover_enabled=\u00a0\u00bbon\u00a0\u00bb button_one_letter_spacing__hover=\u00a0\u00bb1px\u00a0\u00bb button_two_letter_spacing__hover_enabled=\u00a0\u00bbon\u00a0\u00bb button_two_letter_spacing__hover=\u00a0\u00bb1px\u00a0\u00bb button_one_bg_color__hover_enabled=\u00a0\u00bboff\u00a0\u00bb button_two_bg_color__hover_enabled=\u00a0\u00bboff\u00a0\u00bb][\/et_pb_fullwidth_header][\/et_pb_section][et_pb_section fb_built=\u00a0\u00bb1&Prime; _builder_version=\u00a0\u00bb4.9.0&Prime; background_color=\u00a0\u00bb#f7f7f7&Prime; custom_padding=\u00a0\u00bb19px||100px||false|false\u00a0\u00bb][et_pb_row _builder_version=\u00a0\u00bb4.9.0&Prime; _module_preset=\u00a0\u00bbdefault\u00a0\u00bb][et_pb_column type=\u00a0\u00bb4_4&Prime; _builder_version=\u00a0\u00bb4.9.0&Prime; _module_preset=\u00a0\u00bbdefault\u00a0\u00bb][et_pb_team_member name=\u00a0\u00bbBruno PATERNOT\u00a0\u00bb position=\u00a0\u00bbConseiller municipal d\u00e9l\u00e9gu\u00e9 \u00e0 l&rsquo;Esth\u00e9tique lumineuse et \u00e0 l&rsquo;Ambiance sonore de la ville\u00a0\u00bb image_url=\u00a0\u00bbhttp:\/\/choisirlecologie.fr\/wp-content\/uploads\/2021\/02\/PATERNOT_Bruno.jpg\u00a0\u00bb twitter_url=\u00a0\u00bbhttps:\/\/twitter.com\/BrunoPaternot\u00a0\u00bb use_icon_font_size=\u00a0\u00bbon\u00a0\u00bb icon_font_size=\u00a0\u00bb24px\u00a0\u00bb _builder_version=\u00a0\u00bb4.9.0&Prime; _module_preset=\u00a0\u00bbdefault\u00a0\u00bb header_level=\u00a0\u00bbh1&Prime; position_text_color=\u00a0\u00bb#000000&Prime; position_font_size=\u00a0\u00bb15px\u00a0\u00bb box_shadow_style_image=\u00a0\u00bbpreset1&Prime; min_height=\u00a0\u00bb655.4px\u00a0\u00bb]<\/p>\n<h5 class=\"ace-line\"><span class=\"author-a-z75zz65zz65z3fz85zz73zz122zcvvu9z70zvy\">Conseiller m\u00e9tropolitain de Montpellier 3M, d\u00e9l\u00e9gu\u00e9 \u00e0 la Qualit\u00e9 de l\u2019environnement visuel et au RLPI<\/span><\/h5>\n<div id=\"magicdomid2835\" class=\"ace-line\"><span class=\"author-a-z75zz65zz65z3fz85zz73zz122zcvvu9z70zvy\"><br \/>\nNuisances visuelles, lumineuses et sonores: l<\/span><span class=\"author-a-z75zz65zz65z3fz85zz73zz122zcvvu9z70zvy\">a ville doit \u00eatre apais\u00e9e sans pour autant \u00eatre aseptis\u00e9e.<\/span><\/div>\n<div id=\"magicdomid3078\" class=\"ace-line\"><span class=\"author-a-z75zz65zz65z3fz85zz73zz122zcvvu9z70zvy\">Aujourd&rsquo;hui la ville agresse : les lumi\u00e8res sont tellement fortes et nombreuses qu&rsquo;elles rentrent chez vous, que l&rsquo;on n a plus acc\u00e8s aux \u00e9toiles, l&rsquo;agression publicitaire est quotidienne, les nuisances sonores ne sont pas pens\u00e9es ni r\u00e9gl\u00e9es.<\/span><\/div>\n<div id=\"magicdomid3079\" class=\"ace-line\"><\/div>\n<div id=\"magicdomid2885\" class=\"ace-line\"><span class=\"author-a-z75zz65zz65z3fz85zz73zz122zcvvu9z70zvy\">&#8211; moins d&rsquo;\u00e9clairage public comme priv\u00e9\u00a0<\/span><\/div>\n<div id=\"magicdomid3003\" class=\"ace-line\"><span class=\"author-a-z75zz65zz65z3fz85zz73zz122zcvvu9z70zvy\">&#8211; moins de publicit\u00e9<\/span><\/div>\n<div id=\"magicdomid3065\" class=\"ace-line\"><span class=\"author-a-z75zz65zz65z3fz85zz73zz122zcvvu9z70zvy\">&#8211; moins d&rsquo;agressions sonores dues aux transports priv\u00e9s comme public.\u00a0<\/span><\/div>\n<div id=\"magicdomid3066\" class=\"ace-line\"><\/div>\n<div id=\"magicdomid3046\" class=\"ace-line\"><span class=\"author-a-z75zz65zz65z3fz85zz73zz122zcvvu9z70zvy\">&#8211; des lumi\u00e8res mieux pens\u00e9es pour rendre la ville plus belles\u00a0<\/span><\/div>\n<div id=\"magicdomid3059\" class=\"ace-line\"><span class=\"author-a-z75zz65zz65z3fz85zz73zz122zcvvu9z70zvy\">&#8211; des espaces publics mieux am\u00e9nag\u00e9s pour donner envie d&rsquo;y rester\u00a0<\/span><\/div>\n<div id=\"magicdomid3100\" class=\"ace-line\"><span class=\"author-a-z75zz65zz65z3fz85zz73zz122zcvvu9z70zvy\">&#8211; une ville mieux insonoris\u00e9e pour laisser passer l&rsquo;ambiance sans laisser les bruits.<\/span><\/div>\n<div class=\"ace-line\"><\/div>\n<div id=\"magicdomid3102\" class=\"ace-line\"><\/div>\n<div id=\"magicdomid3160\" class=\"ace-line\"><span class=\"author-a-z75zz65zz65z3fz85zz73zz122zcvvu9z70zvy\"><br \/>\nMontpellier est aujourd&rsquo;hui une m\u00e9tropole parmi tant d&rsquo;autres et nous devons repenser son imaginaire. Non, Montpellier n&rsquo;est pas au bord de la mer. Quelle image, quelle qualit\u00e9 de l&rsquo;environnement visuel voulons nous pour Montpellier pour les 50 prochaines ann\u00e9es ?<\/span><\/div>\n<div class=\"ace-line\"><\/div>\n<div class=\"ace-line\"><\/div>\n<div class=\"ace-line\"><\/div>\n<h4><\/h4>\n<p class=\"ace-line\"><a href=\"http:\/\/choisirlecologie.fr\/elu-es\/bruno-paternot\/bilan-de-bruno-paternot\"><strong>Son Bilan<\/strong><\/a><\/p>\n<p class=\"ace-line\"><a href=\"http:\/\/choisirlecologie.fr\/?s=bruno+paternot\"><strong>Ses actualit\u00e9s<\/strong><\/a><\/p>\n<div class=\"ace-line\"><\/div>\n<div class=\"ace-line\"><\/div>\n<div class=\"ace-line\"><\/div>\n<div id=\"magicdomid3175\" class=\"ace-line\"><\/div>\n<div class=\"ace-line\"><\/div>\n<div class=\"ace-line\"><\/div>\n<div class=\"ace-line\"><\/div>\n<p>[\/et_pb_team_member][\/et_pb_column][\/et_pb_row][et_pb_row _builder_version=\u00a0\u00bb4.9.0&Prime; _module_preset=\u00a0\u00bbdefault\u00a0\u00bb][et_pb_column type=\u00a0\u00bb4_4&Prime; _builder_version=\u00a0\u00bb4.9.0&Prime; _module_preset=\u00a0\u00bbdefault\u00a0\u00bb][et_pb_testimonial portrait_url=\u00a0\u00bbhttp:\/\/choisirlecologie.fr\/wp-content\/uploads\/2021\/02\/PATERNOT_Bruno.jpg\u00a0\u00bb _builder_version=\u00a0\u00bb4.9.0&Prime; _module_preset=\u00a0\u00bbdefault\u00a0\u00bb]<\/p>\n<h4><span class=\"author-a-z75zz65zz65z3fz85zz73zz122zcvvu9z70zvy\">Quelle image, quelle qualit\u00e9 de l&rsquo;environnement visuel voulons nous pour Montpellier pour les 50 prochaines ann\u00e9es ?<\/span><\/h4>\n<h4><span class=\"author-a-z75zz65zz65z3fz85zz73zz122zcvvu9z70zvy\">Moins, Mieux, Merveilleux : Montpellier 3M.\u00a0<\/span><\/h4>\n<p>[\/et_pb_testimonial][\/et_pb_column][\/et_pb_row][et_pb_row _builder_version=\u00a0\u00bb4.9.0&Prime; _module_preset=\u00a0\u00bbdefault\u00a0\u00bb][et_pb_column type=\u00a0\u00bb4_4&Prime; _builder_version=\u00a0\u00bb4.9.0&Prime; _module_preset=\u00a0\u00bbdefault\u00a0\u00bb][et_pb_text _builder_version=\u00a0\u00bb4.9.0&Prime; _module_preset=\u00a0\u00bbdefault\u00a0\u00bb]<\/p>\n<h1><strong>Biographie<\/strong><\/h1>\n<p>35 ans<br \/>\nQuartier : Figuerolles<\/p>\n<p>Militant Europe-\u00c9cologie-Les-Verts depuis 2011, je me suis investi dans le groupe local parce que je suis persuad\u00e9 que l&rsquo;\u00e9cologie est la seul voie possible pour rendre le monde plus doux et vivable. Ce sont les valeurs de justice et de libert\u00e9 que les Verts portent depuis plus de 40 ans qui m&rsquo;ont fait rejoindre EELV.<br \/>\nJe me suis particuli\u00e8rement int\u00e9ress\u00e9 \u00e0 la pollution visuelle et sonore dans les m\u00e9tropoles.<\/p>\n<p>Professionnellement, je suis acteur &amp; auteur de th\u00e9\u00e2tre et je travaille surtout aupr\u00e8s de publics qui n&rsquo;ont pas forcement acc\u00e8s \u00e0 la culture (maisons d&rsquo;arr\u00eat, \u00e9coles, centres sociaux, territoires ruraux&#8230;). Offrir la po\u00e9sie au creux de l&rsquo;oreille ne changera peut-\u00eatre pas le monde, mais peut changer des vies.<\/p>\n<p>C&rsquo;est dans les luttes pour plus d&rsquo;\u00e9galit\u00e9 sociale, pour plus d\u2019\u00e9galit\u00e9 femme-homme que j&rsquo;ai d\u00e9couvert des personnalit\u00e9s qui font bouger les lignes et qui \u0153uvrent au quotidien pour am\u00e9liorer la vie collective.<\/p>\n<p>Depuis j&rsquo;essaie de me mettre dans leurs pas.<\/p>\n<p>[\/et_pb_text][\/et_pb_column][\/et_pb_row][et_pb_row _builder_version=\u00a0\u00bb4.9.0&Prime; _module_preset=\u00a0\u00bbdefault\u00a0\u00bb][et_pb_column type=\u00a0\u00bb4_4&Prime; _builder_version=\u00a0\u00bb4.9.0&Prime; _module_preset=\u00a0\u00bbdefault\u00a0\u00bb][et_pb_text _builder_version=\u00a0\u00bb4.9.0&Prime; _module_preset=\u00a0\u00bbdefault\u00a0\u00bb]<\/p>\n<h1>Les 12 \u00e9lu-es du groupe<\/h1>\n<p>This template is only available on the pro version.<\/p>\n<p>[\/et_pb_text][\/et_pb_column][\/et_pb_row][\/et_pb_section][et_pb_section fb_built=\u00a0\u00bb1&Prime; admin_label=\u00a0\u00bbNewsletter Section\u00a0\u00bb _builder_version=\u00a0\u00bb3.22&Prime; background_color=\u00a0\u00bb#f7f7f7&Prime; background_image=\u00a0\u00bbhttp:\/\/choisirlecologie.fr\/wp-content\/uploads\/2021\/02\/background-texture.png\u00a0\u00bb parallax=\u00a0\u00bbon\u00a0\u00bb min_height=\u00a0\u00bb142.2px\u00a0\u00bb custom_margin=\u00a0\u00bb||96px|||\u00a0\u00bb custom_padding=\u00a0\u00bb54px||0px|||\u00a0\u00bb saved_tabs=\u00a0\u00bball\u00a0\u00bb][et_pb_row admin_label=\u00a0\u00bbNewsletter Area\u00a0\u00bb _builder_version=\u00a0\u00bb3.25&Prime; custom_margin=\u00a0\u00bb-133px|auto||auto||\u00a0\u00bb locked=\u00a0\u00bboff\u00a0\u00bb][et_pb_column type=\u00a0\u00bb4_4&Prime; _builder_version=\u00a0\u00bb3.25&Prime; custom_padding=\u00a0\u00bb|||\u00a0\u00bb custom_padding__hover=\u00a0\u00bb|||\u00a0\u00bb][et_pb_signup provider=\u00a0\u00bbsendinblue\u00a0\u00bb sendinblue_list=\u00a0\u00bbmontpellier@eelvfr|65&Prime; name_field=\u00a0\u00bbon\u00a0\u00bb title=\u00a0\u00bbInscrivez vous \u00e0 notre lettre d&rsquo;information\u00a0\u00bb button_text=\u00a0\u00bbJe m&rsquo;inscris !\u00a0\u00bb description=\u00a0\u00bb<\/p>\n<p>Tenez vous inform\u00e9 des derniers actualit\u00e9s du groupe d&rsquo;\u00e9lu-es Choisir l&rsquo;\u00e9cologie pour Montpellier<\/p>\n<p>\u00a0\u00bb admin_label=\u00a0\u00bbEmail Option\u00a0\u00bb _builder_version=\u00a0\u00bb4.9.0&Prime; header_font=\u00a0\u00bbLato||||||||\u00a0\u00bb header_font_size=\u00a0\u00bb36px\u00a0\u00bb header_line_height=\u00a0\u00bb1.5em\u00a0\u00bb body_font=\u00a0\u00bb||||||||\u00a0\u00bb body_font_size=\u00a0\u00bb16px\u00a0\u00bb body_line_height=\u00a0\u00bb1.8em\u00a0\u00bb result_message_font=\u00a0\u00bb||||||||\u00a0\u00bb background_enable_color=\u00a0\u00bboff\u00a0\u00bb use_background_color=\u00a0\u00bboff\u00a0\u00bb custom_button=\u00a0\u00bbon\u00a0\u00bb button_text_size=\u00a0\u00bb18px\u00a0\u00bb button_text_color=\u00a0\u00bb#ffffff\u00a0\u00bb button_bg_color=\u00a0\u00bb#7ab41d\u00a0\u00bb button_border_width=\u00a0\u00bb4px\u00a0\u00bb button_border_color=\u00a0\u00bb#02d002&Prime; button_border_radius=\u00a0\u00bb0px\u00a0\u00bb button_letter_spacing=\u00a0\u00bb1px\u00a0\u00bb button_font=\u00a0\u00bbLato|700|||||||\u00a0\u00bb background_layout=\u00a0\u00bblight\u00a0\u00bb button_letter_spacing_hover=\u00a0\u00bb0&Prime; button_text_size__hover_enabled=\u00a0\u00bboff\u00a0\u00bb button_one_text_size__hover_enabled=\u00a0\u00bboff\u00a0\u00bb button_two_text_size__hover_enabled=\u00a0\u00bboff\u00a0\u00bb button_text_color__hover_enabled=\u00a0\u00bboff\u00a0\u00bb button_one_text_color__hover_enabled=\u00a0\u00bboff\u00a0\u00bb button_two_text_color__hover_enabled=\u00a0\u00bboff\u00a0\u00bb button_border_width__hover_enabled=\u00a0\u00bboff\u00a0\u00bb button_one_border_width__hover_enabled=\u00a0\u00bboff\u00a0\u00bb button_two_border_width__hover_enabled=\u00a0\u00bboff\u00a0\u00bb button_border_color__hover_enabled=\u00a0\u00bboff\u00a0\u00bb button_one_border_color__hover_enabled=\u00a0\u00bboff\u00a0\u00bb button_two_border_color__hover_enabled=\u00a0\u00bboff\u00a0\u00bb button_border_radius__hover_enabled=\u00a0\u00bboff\u00a0\u00bb button_one_border_radius__hover_enabled=\u00a0\u00bboff\u00a0\u00bb button_two_border_radius__hover_enabled=\u00a0\u00bboff\u00a0\u00bb button_letter_spacing__hover_enabled=\u00a0\u00bbon\u00a0\u00bb button_letter_spacing__hover=\u00a0\u00bb0&Prime; button_one_letter_spacing__hover_enabled=\u00a0\u00bboff\u00a0\u00bb button_two_letter_spacing__hover_enabled=\u00a0\u00bboff\u00a0\u00bb button_bg_color__hover_enabled=\u00a0\u00bboff\u00a0\u00bb button_one_bg_color__hover_enabled=\u00a0\u00bboff\u00a0\u00bb button_two_bg_color__hover_enabled=\u00a0\u00bboff\u00a0\u00bb][\/et_pb_signup][\/et_pb_column][\/et_pb_row][\/et_pb_section]<\/p>\n","protected":false},"excerpt":{"rendered":"<p>Conseiller m\u00e9tropolitain de Montpellier 3M, d\u00e9l\u00e9gu\u00e9 \u00e0 la Qualit\u00e9 de l\u2019environnement visuel et au RLPI Nuisances visuelles, lumineuses et sonores: la ville doit \u00eatre apais\u00e9e sans pour autant \u00eatre aseptis\u00e9e. Aujourd&rsquo;hui la ville agresse : les lumi\u00e8res sont tellement fortes et nombreuses qu&rsquo;elles rentrent chez vous, que l&rsquo;on n a plus acc\u00e8s aux \u00e9toiles, l&rsquo;agression [&hellip;]<\/p>\n","protected":false},"author":1,"featured_media":0,"parent":10025,"menu_order":0,"comment_status":"closed","ping_status":"closed","template":"","meta":{"_et_pb_use_builder":"on","_et_pb_old_content":"","_et_gb_content_width":"","footnotes":""},"class_list":["post-10238","page","type-page","status-publish","hentry"],"_links":{"self":[{"href":"https:\/\/choisirlecologie.fr\/bienvenue\/wp-json\/wp\/v2\/pages\/10238","targetHints":{"allow":["GET"]}}],"collection":[{"href":"https:\/\/choisirlecologie.fr\/bienvenue\/wp-json\/wp\/v2\/pages"}],"about":[{"href":"https:\/\/choisirlecologie.fr\/bienvenue\/wp-json\/wp\/v2\/types\/page"}],"author":[{"embeddable":true,"href":"https:\/\/choisirlecologie.fr\/bienvenue\/wp-json\/wp\/v2\/users\/1"}],"replies":[{"embeddable":true,"href":"https:\/\/choisirlecologie.fr\/bienvenue\/wp-json\/wp\/v2\/comments?post=10238"}],"version-history":[{"count":21,"href":"https:\/\/choisirlecologie.fr\/bienvenue\/wp-json\/wp\/v2\/pages\/10238\/revisions"}],"predecessor-version":[{"id":12501,"href":"https:\/\/choisirlecologie.fr\/bienvenue\/wp-json\/wp\/v2\/pages\/10238\/revisions\/12501"}],"up":[{"embeddable":true,"href":"https:\/\/choisirlecologie.fr\/bienvenue\/wp-json\/wp\/v2\/pages\/10025"}],"wp:attachment":[{"href":"https:\/\/choisirlecologie.fr\/bienvenue\/wp-json\/wp\/v2\/media?parent=10238"}],"curies":[{"name":"wp","href":"https:\/\/api.w.org\/{rel}","templated":true}]}}