{"id":10025,"date":"2021-02-14T17:21:28","date_gmt":"2021-02-14T17:21:28","guid":{"rendered":"http:\/\/choisirlecologie.fr\/?page_id=10025"},"modified":"2024-05-15T17:45:48","modified_gmt":"2024-05-15T17:45:48","slug":"elu-es","status":"publish","type":"page","link":"https:\/\/choisirlecologie.fr\/bienvenue\/elu-es","title":{"rendered":"Les \u00e9lu-es"},"content":{"rendered":"\n<p>[et_pb_section fb_built=\u00a0\u00bb1&Prime; fullwidth=\u00a0\u00bbon\u00a0\u00bb _builder_version=\u00a0\u00bb3.22&Prime; animation_style=\u00a0\u00bbslide\u00a0\u00bb animation_direction=\u00a0\u00bbtop\u00a0\u00bb animation_intensity_slide=\u00a0\u00bb2%\u00a0\u00bb animation_starting_opacity=\u00a0\u00bb100%\u00a0\u00bb hover_enabled=\u00a0\u00bb0&Prime; locked=\u00a0\u00bboff\u00a0\u00bb sticky_enabled=\u00a0\u00bb0&Prime;][et_pb_fullwidth_header title=\u00a0\u00bb8 \u00e9lu-es\u00a0\u00bb subhead=\u00a0\u00bbLe Groupe Ecologiste de Montpellier est compos\u00e9 de 8 \u00e9lu.e.s qui si\u00e8gent au Conseil Municipal. Par ailleurs, 4 d&rsquo;entre eux\/elles si\u00e8gent \u00e9galement au Conseil de Montpellier M\u00e9diterran\u00e9e M\u00e9tropole\u00a0\u00bb content_max_width=\u00a0\u00bb800px\u00a0\u00bb _builder_version=\u00a0\u00bb4.9.0&Prime; title_level=\u00a0\u00bbh2&Prime; title_font=\u00a0\u00bbLato||||||||\u00a0\u00bb title_font_size=\u00a0\u00bb60px\u00a0\u00bb title_line_height=\u00a0\u00bb1.2em\u00a0\u00bb content_font=\u00a0\u00bb||||||||\u00a0\u00bb content_font_size=\u00a0\u00bb20px\u00a0\u00bb content_line_height=\u00a0\u00bb1.8em\u00a0\u00bb background_color=\u00a0\u00bb#7ab41d\u00a0\u00bb background_color_gradient_direction=\u00a0\u00bb73deg\u00a0\u00bb background_enable_image=\u00a0\u00bboff\u00a0\u00bb custom_button_one=\u00a0\u00bbon\u00a0\u00bb button_one_text_size=\u00a0\u00bb18px\u00a0\u00bb button_one_bg_color=\u00a0\u00bb#02d002&Prime; button_one_border_width=\u00a0\u00bb8px\u00a0\u00bb button_one_border_color=\u00a0\u00bb#02d002&Prime; button_one_border_radius=\u00a0\u00bb0px\u00a0\u00bb button_one_letter_spacing=\u00a0\u00bb1px\u00a0\u00bb button_one_font=\u00a0\u00bbLato|700|||||||\u00a0\u00bb button_one_use_icon=\u00a0\u00bboff\u00a0\u00bb custom_button_two=\u00a0\u00bbon\u00a0\u00bb button_two_text_size=\u00a0\u00bb18px\u00a0\u00bb button_two_text_color=\u00a0\u00bb#353740&Prime; button_two_bg_color=\u00a0\u00bb#ffffff\u00a0\u00bb button_two_border_width=\u00a0\u00bb8px\u00a0\u00bb button_two_border_color=\u00a0\u00bb#ffffff\u00a0\u00bb button_two_border_radius=\u00a0\u00bb0px\u00a0\u00bb button_two_letter_spacing=\u00a0\u00bb1px\u00a0\u00bb button_two_font=\u00a0\u00bbLato|700|||||||\u00a0\u00bb button_two_use_icon=\u00a0\u00bboff\u00a0\u00bb width=\u00a0\u00bb100%\u00a0\u00bb min_height=\u00a0\u00bb203px\u00a0\u00bb height=\u00a0\u00bb100px\u00a0\u00bb max_height=\u00a0\u00bb100px\u00a0\u00bb custom_margin=\u00a0\u00bb|||\u00a0\u00bb custom_padding=\u00a0\u00bb2%||11.8%||false|false\u00a0\u00bb hover_enabled=\u00a0\u00bb0&Prime; text_shadow_style=\u00a0\u00bbpreset3&Prime; button_one_letter_spacing_hover=\u00a0\u00bb1px\u00a0\u00bb button_two_letter_spacing_hover=\u00a0\u00bb1px\u00a0\u00bb locked=\u00a0\u00bboff\u00a0\u00bb button_one_text_size__hover_enabled=\u00a0\u00bboff\u00a0\u00bb button_two_text_size__hover_enabled=\u00a0\u00bboff\u00a0\u00bb button_one_text_color__hover_enabled=\u00a0\u00bboff\u00a0\u00bb button_two_text_color__hover_enabled=\u00a0\u00bboff\u00a0\u00bb button_one_border_width__hover_enabled=\u00a0\u00bboff\u00a0\u00bb button_two_border_width__hover_enabled=\u00a0\u00bboff\u00a0\u00bb button_one_border_color__hover_enabled=\u00a0\u00bboff\u00a0\u00bb button_two_border_color__hover_enabled=\u00a0\u00bboff\u00a0\u00bb button_one_border_radius__hover_enabled=\u00a0\u00bboff\u00a0\u00bb button_two_border_radius__hover_enabled=\u00a0\u00bboff\u00a0\u00bb button_one_letter_spacing__hover_enabled=\u00a0\u00bbon\u00a0\u00bb button_one_letter_spacing__hover=\u00a0\u00bb1px\u00a0\u00bb button_two_letter_spacing__hover_enabled=\u00a0\u00bbon\u00a0\u00bb button_two_letter_spacing__hover=\u00a0\u00bb1px\u00a0\u00bb button_one_bg_color__hover_enabled=\u00a0\u00bboff\u00a0\u00bb button_two_bg_color__hover_enabled=\u00a0\u00bboff\u00a0\u00bb sticky_enabled=\u00a0\u00bb0&Prime;][\/et_pb_fullwidth_header][\/et_pb_section][et_pb_section fb_built=\u00a0\u00bb1&Prime; _builder_version=\u00a0\u00bb4.9.0&Prime; background_color=\u00a0\u00bb#f7f7f7&Prime; custom_padding=\u00a0\u00bb91px||100px||false|false\u00a0\u00bb][et_pb_row _builder_version=\u00a0\u00bb4.9.0&Prime; _module_preset=\u00a0\u00bbdefault\u00a0\u00bb][et_pb_column type=\u00a0\u00bb4_4&Prime; _builder_version=\u00a0\u00bb4.9.0&Prime; _module_preset=\u00a0\u00bbdefault\u00a0\u00bb][et_pb_text _builder_version=\u00a0\u00bb4.9.0&Prime; _module_preset=\u00a0\u00bbdefault\u00a0\u00bb]<\/p>\n\n\n\n<figure class=\"wp-block-gallery has-nested-images columns-default is-cropped wp-block-gallery-1 is-layout-flex wp-block-gallery-is-layout-flex\">\n<figure class=\"wp-block-image size-large\"><a href=\"https:\/\/choisirlecologie.fr\/bienvenue\/reynaud_manu\"><img loading=\"lazy\" decoding=\"async\" width=\"683\" height=\"1024\" data-id=\"59\" src=\"https:\/\/choisirlecologie.fr\/bienvenue\/wp-content\/uploads\/2021\/02\/REYNAUD_Manu-683x1024.jpg\" alt=\"\" class=\"wp-image-59\"\/><\/a><figcaption class=\"wp-element-caption\">Manu Reynaud<\/figcaption><\/figure>\n\n\n\n<figure class=\"wp-block-image size-large\"><a href=\"https:\/\/choisirlecologie.fr\/bienvenue\/elu-es\/mustapha-laoukiri\"><img loading=\"lazy\" decoding=\"async\" width=\"683\" height=\"1024\" data-id=\"60\" src=\"https:\/\/choisirlecologie.fr\/bienvenue\/wp-content\/uploads\/2021\/02\/LAOUKIRI_Mustapha-683x1024.jpg\" alt=\"\" class=\"wp-image-60\"\/><\/a><figcaption class=\"wp-element-caption\">Mustapha Laoukiri<\/figcaption><\/figure>\n\n\n\n<figure class=\"wp-block-image size-large\"><a href=\"https:\/\/choisirlecologie.fr\/bienvenue\/elu-es\/marie-massart\"><img loading=\"lazy\" decoding=\"async\" width=\"683\" height=\"1024\" data-id=\"62\" src=\"https:\/\/choisirlecologie.fr\/bienvenue\/wp-content\/uploads\/2021\/02\/MASSART_Marie-683x1024.jpg\" alt=\"\" class=\"wp-image-62\"\/><\/a><figcaption class=\"wp-element-caption\">Marie Massart<\/figcaption><\/figure>\n\n\n\n<figure class=\"wp-block-image size-large\"><a href=\"https:\/\/choisirlecologie.fr\/bienvenue\/elu-es\/bruno-paternot\"><img loading=\"lazy\" decoding=\"async\" width=\"400\" height=\"599\" data-id=\"10271\" src=\"https:\/\/choisirlecologie.fr\/bienvenue\/wp-content\/uploads\/2021\/02\/PATERNOT_Bruno.jpg\" alt=\"\" class=\"wp-image-10271\" srcset=\"https:\/\/choisirlecologie.fr\/bienvenue\/wp-content\/uploads\/2021\/02\/PATERNOT_Bruno.jpg 400w, https:\/\/choisirlecologie.fr\/bienvenue\/wp-content\/uploads\/2021\/02\/PATERNOT_Bruno-200x300.jpg 200w\" sizes=\"auto, (max-width: 400px) 100vw, 400px\" \/><\/a><figcaption class=\"wp-element-caption\">Bruno Paternot<\/figcaption><\/figure>\n\n\n\n<figure class=\"wp-block-image size-large\"><a href=\"https:\/\/choisirlecologie.fr\/bienvenue\/elu-es\/fatma-nakib\"><img loading=\"lazy\" decoding=\"async\" width=\"400\" height=\"600\" data-id=\"10291\" src=\"https:\/\/choisirlecologie.fr\/bienvenue\/wp-content\/uploads\/2021\/02\/NAKIB_Fatma.jpg\" alt=\"\" class=\"wp-image-10291\" srcset=\"https:\/\/choisirlecologie.fr\/bienvenue\/wp-content\/uploads\/2021\/02\/NAKIB_Fatma.jpg 400w, https:\/\/choisirlecologie.fr\/bienvenue\/wp-content\/uploads\/2021\/02\/NAKIB_Fatma-200x300.jpg 200w\" sizes=\"auto, (max-width: 400px) 100vw, 400px\" \/><\/a><figcaption class=\"wp-element-caption\">Fatma Nakib<\/figcaption><\/figure>\n\n\n\n<figure class=\"wp-block-image size-large\"><a href=\"https:\/\/choisirlecologie.fr\/bienvenue\/elu-es\/eddine-ariztegui\"><img loading=\"lazy\" decoding=\"async\" width=\"400\" height=\"600\" data-id=\"10286\" src=\"https:\/\/choisirlecologie.fr\/bienvenue\/wp-content\/uploads\/2021\/02\/ARRIZTEGUI_Eddine.jpg\" alt=\"\" class=\"wp-image-10286\" srcset=\"https:\/\/choisirlecologie.fr\/bienvenue\/wp-content\/uploads\/2021\/02\/ARRIZTEGUI_Eddine.jpg 400w, https:\/\/choisirlecologie.fr\/bienvenue\/wp-content\/uploads\/2021\/02\/ARRIZTEGUI_Eddine-200x300.jpg 200w\" sizes=\"auto, (max-width: 400px) 100vw, 400px\" \/><\/a><figcaption class=\"wp-element-caption\">Eddine Ariztegui<\/figcaption><\/figure>\n\n\n\n<figure class=\"wp-block-image size-large\"><a href=\"https:\/\/choisirlecologie.fr\/bienvenue\/elu-es\/radia-tikouk\"><img loading=\"lazy\" decoding=\"async\" width=\"400\" height=\"600\" data-id=\"10307\" src=\"https:\/\/choisirlecologie.fr\/bienvenue\/wp-content\/uploads\/2021\/02\/TIKOUK_Radia.jpg\" alt=\"\" class=\"wp-image-10307\" srcset=\"https:\/\/choisirlecologie.fr\/bienvenue\/wp-content\/uploads\/2021\/02\/TIKOUK_Radia.jpg 400w, https:\/\/choisirlecologie.fr\/bienvenue\/wp-content\/uploads\/2021\/02\/TIKOUK_Radia-200x300.jpg 200w\" sizes=\"auto, (max-width: 400px) 100vw, 400px\" \/><\/a><figcaption class=\"wp-element-caption\">Radia Tikouk<\/figcaption><\/figure>\n\n\n\n<figure class=\"wp-block-image size-large\"><a href=\"https:\/\/choisirlecologie.fr\/bienvenue\/elu-es\/stephane-jouault\"><img loading=\"lazy\" decoding=\"async\" width=\"400\" height=\"600\" data-id=\"10310\" src=\"https:\/\/choisirlecologie.fr\/bienvenue\/wp-content\/uploads\/2021\/02\/JOUAULT_Stephane.jpg\" alt=\"\" class=\"wp-image-10310\" srcset=\"https:\/\/choisirlecologie.fr\/bienvenue\/wp-content\/uploads\/2021\/02\/JOUAULT_Stephane.jpg 400w, https:\/\/choisirlecologie.fr\/bienvenue\/wp-content\/uploads\/2021\/02\/JOUAULT_Stephane-200x300.jpg 200w\" sizes=\"auto, (max-width: 400px) 100vw, 400px\" \/><\/a><figcaption class=\"wp-element-caption\">Stephane Jouault<\/figcaption><\/figure>\n<\/figure>\n\n\n\n<p>[\/et_pb_text][\/et_pb_column][\/et_pb_row][\/et_pb_section]<\/p>\n\n\n<p>[et_pb_section fb_built=\u00a0\u00bb1&Prime; admin_label=\u00a0\u00bbNewsletter Section\u00a0\u00bb _builder_version=\u00a0\u00bb3.22&Prime; background_color=\u00a0\u00bb#f7f7f7&Prime; background_image=\u00a0\u00bbhttp:\/\/choisirlecologie.fr\/wp-content\/uploads\/2021\/02\/background-texture.png\u00a0\u00bb parallax=\u00a0\u00bbon\u00a0\u00bb custom_padding=\u00a0\u00bb54px||140px|\u00a0\u00bb global_module=\u00a0\u00bb72&Prime; saved_tabs=\u00a0\u00bball\u00a0\u00bb][et_pb_row admin_label=\u00a0\u00bbNewsletter Area\u00a0\u00bb _builder_version=\u00a0\u00bb3.25&Prime; hover_enabled=\u00a0\u00bb0&Prime; locked=\u00a0\u00bboff\u00a0\u00bb sticky_enabled=\u00a0\u00bb0&Prime;][et_pb_column type=\u00a0\u00bb4_4&Prime; _builder_version=\u00a0\u00bb3.25&Prime; custom_padding=\u00a0\u00bb|||\u00a0\u00bb custom_padding__hover=\u00a0\u00bb|||\u00a0\u00bb][et_pb_signup provider=\u00a0\u00bbsendinblue\u00a0\u00bb sendinblue_list=\u00a0\u00bbmontpellier@eelvfr|65&Prime; name_field=\u00a0\u00bbon\u00a0\u00bb success_message=\u00a0\u00bbMerci pour votre inscription !\u00a0\u00bb title=\u00a0\u00bbInscrivez vous \u00e0 notre lettre d&rsquo;information !\u00a0\u00bb button_text=\u00a0\u00bbJe m&rsquo;inscris !\u00a0\u00bb description=\u00a0\u00bb<\/p>\n<p>Tenez-vous inform\u00e9-e des derni\u00e8res actualit\u00e9s des \u00e9lu-es du groupe %22Choisir l&rsquo;\u00e9cologie pour Montpellier%22<\/p>\n<p>\u00a0\u00bb admin_label=\u00a0\u00bbEmail Option\u00a0\u00bb _builder_version=\u00a0\u00bb4.9.0&Prime; header_font=\u00a0\u00bbLato||||||||\u00a0\u00bb header_font_size=\u00a0\u00bb36px\u00a0\u00bb header_line_height=\u00a0\u00bb1.5em\u00a0\u00bb body_font=\u00a0\u00bb||||||||\u00a0\u00bb body_font_size=\u00a0\u00bb16px\u00a0\u00bb body_line_height=\u00a0\u00bb1.8em\u00a0\u00bb result_message_font=\u00a0\u00bb||||||||\u00a0\u00bb custom_button=\u00a0\u00bbon\u00a0\u00bb button_text_size=\u00a0\u00bb26px\u00a0\u00bb button_text_color=\u00a0\u00bb#FFFFFF\u00a0\u00bb button_bg_color=\u00a0\u00bb#7ab41d\u00a0\u00bb button_border_width=\u00a0\u00bb2px\u00a0\u00bb button_border_color=\u00a0\u00bb#FFFFFF\u00a0\u00bb button_border_radius=\u00a0\u00bb0px\u00a0\u00bb button_letter_spacing=\u00a0\u00bb1px\u00a0\u00bb button_font=\u00a0\u00bbLato|700|||||||\u00a0\u00bb background_layout=\u00a0\u00bblight\u00a0\u00bb hover_enabled=\u00a0\u00bb0&Prime; button_letter_spacing_hover=\u00a0\u00bb0&Prime; button_text_size__hover_enabled=\u00a0\u00bboff\u00a0\u00bb button_one_text_size__hover_enabled=\u00a0\u00bboff\u00a0\u00bb button_two_text_size__hover_enabled=\u00a0\u00bboff\u00a0\u00bb button_text_color__hover_enabled=\u00a0\u00bboff\u00a0\u00bb button_one_text_color__hover_enabled=\u00a0\u00bboff\u00a0\u00bb button_two_text_color__hover_enabled=\u00a0\u00bboff\u00a0\u00bb button_border_width__hover_enabled=\u00a0\u00bboff\u00a0\u00bb button_one_border_width__hover_enabled=\u00a0\u00bboff\u00a0\u00bb button_two_border_width__hover_enabled=\u00a0\u00bboff\u00a0\u00bb button_border_color__hover_enabled=\u00a0\u00bboff\u00a0\u00bb button_one_border_color__hover_enabled=\u00a0\u00bboff\u00a0\u00bb button_two_border_color__hover_enabled=\u00a0\u00bboff\u00a0\u00bb button_border_radius__hover_enabled=\u00a0\u00bboff\u00a0\u00bb button_one_border_radius__hover_enabled=\u00a0\u00bboff\u00a0\u00bb button_two_border_radius__hover_enabled=\u00a0\u00bboff\u00a0\u00bb button_letter_spacing__hover_enabled=\u00a0\u00bbon\u00a0\u00bb button_letter_spacing__hover=\u00a0\u00bb0&Prime; button_one_letter_spacing__hover_enabled=\u00a0\u00bboff\u00a0\u00bb button_two_letter_spacing__hover_enabled=\u00a0\u00bboff\u00a0\u00bb button_bg_color__hover_enabled=\u00a0\u00bboff\u00a0\u00bb button_one_bg_color__hover_enabled=\u00a0\u00bboff\u00a0\u00bb button_two_bg_color__hover_enabled=\u00a0\u00bboff\u00a0\u00bb background_color=\u00a0\u00bb#7ab41d\u00a0\u00bb sticky_enabled=\u00a0\u00bb0&Prime; box_shadow_style=\u00a0\u00bbpreset2&Prime; box_shadow_blur=\u00a0\u00bb31px\u00a0\u00bb button_bg_enable_color=\u00a0\u00bbon\u00a0\u00bb][\/et_pb_signup][\/et_pb_column][\/et_pb_row][\/et_pb_section]<\/p>\n","protected":false},"excerpt":{"rendered":"<p>Manu Reynaud Mustapha Laoukiri Marie Massart Bruno Paternot Fatma Nakib Eddine Ariztegui Radia Tikouk Stephane Jouault<\/p>\n","protected":false},"author":1,"featured_media":0,"parent":0,"menu_order":0,"comment_status":"closed","ping_status":"closed","template":"","meta":{"_et_pb_use_builder":"on","_et_pb_old_content":"","_et_gb_content_width":"","footnotes":""},"class_list":["post-10025","page","type-page","status-publish","hentry"],"_links":{"self":[{"href":"https:\/\/choisirlecologie.fr\/bienvenue\/wp-json\/wp\/v2\/pages\/10025","targetHints":{"allow":["GET"]}}],"collection":[{"href":"https:\/\/choisirlecologie.fr\/bienvenue\/wp-json\/wp\/v2\/pages"}],"about":[{"href":"https:\/\/choisirlecologie.fr\/bienvenue\/wp-json\/wp\/v2\/types\/page"}],"author":[{"embeddable":true,"href":"https:\/\/choisirlecologie.fr\/bienvenue\/wp-json\/wp\/v2\/users\/1"}],"replies":[{"embeddable":true,"href":"https:\/\/choisirlecologie.fr\/bienvenue\/wp-json\/wp\/v2\/comments?post=10025"}],"version-history":[{"count":17,"href":"https:\/\/choisirlecologie.fr\/bienvenue\/wp-json\/wp\/v2\/pages\/10025\/revisions"}],"predecessor-version":[{"id":13847,"href":"https:\/\/choisirlecologie.fr\/bienvenue\/wp-json\/wp\/v2\/pages\/10025\/revisions\/13847"}],"wp:attachment":[{"href":"https:\/\/choisirlecologie.fr\/bienvenue\/wp-json\/wp\/v2\/media?parent=10025"}],"curies":[{"name":"wp","href":"https:\/\/api.w.org\/{rel}","templated":true}]}}